{"id":1212,"date":"2026-02-03T13:44:46","date_gmt":"2026-02-03T11:44:46","guid":{"rendered":"https:\/\/www.juurikkasaari.fi\/en\/?page_id=1212"},"modified":"2026-02-04T11:50:41","modified_gmt":"2026-02-04T09:50:41","slug":"willow_hill","status":"publish","type":"page","link":"https:\/\/www.juurikkasaari.fi\/en\/willow_hill\/","title":{"rendered":"18.9. Willow Hill"},"content":{"rendered":"<div class=\"wpb-content-wrapper\"><p>[vc_row full_width=&#8221;stretch_row_content&#8221;][vc_column][vc_empty_space height=&#8221;64px&#8221;][\/vc_column][\/vc_row][vc_row full_width=&#8221;stretch_row_content&#8221;][vc_column width=&#8221;1\/12&#8243;][\/vc_column][vc_column width=&#8221;5\/12&#8243;][vc_column_text css=&#8221;&#8221;]<\/p>\n<h1 style=\"text-align: center;\">Willow Hill<\/h1>\n<p>&nbsp;<\/p>\n<p style=\"text-align: center;\">Come experience an unforgettable gig on Friday, September 18th at the scenic Juurikkasaari island when the energetic country duo Willow Hill takes the stage!<\/p>\n<p>&nbsp;<\/p>\n<p style=\"text-align: center;\">Recently named Rolling Stone\u2019s \u201cBand to Watch\u201d, <b>Willow Hill<\/b>, has cemented themselves as one of Nashville\u2019s most unique sensations.<\/p>\n<p>&nbsp;<\/p>\n<p style=\"text-align: center;\">Led by powerhouse husband and wife duo, Alexandra and CT Fields, Willow Hill delivers a fresh and modern twist on the classic country sound (\u201ca fusion of Lady Gaga\u2019s eclectic style and Kenny Chesney\u2019s laid-back charm\u201d \u2013 All Country News). \u00a0This distinct sound has helped develop a groundswell global fanbase, and up to 200 dates touring per year in over 20 different countries, from the US to UK, Netherlands, Scandanavia, South America, Virgin Islands, and more.<\/p>\n<p style=\"text-align: center;\">Infusing feel-good energy, a bombastic live show, and heartfelt storytelling, Willow Hill has performed at major festivals like Summerfest (World\u2019s Largest Music Festival), Rocklahoma, Sturgis, Warped Tour, and more, supporting artists like Miranda Lambert, Jason Aldean, Pat Benatar, Zac Brown Band, Brett Eldredge, and numerous others.<\/p>\n<p style=\"text-align: center;\">The duo released their debut album in 2018 produced by Zach Abend &amp; Jeff Cohen (Sugarland, Big &amp; Rich, Hardy), and immersed themselves in the Nashville writing community.<span class=\"Apple-converted-space\">\u00a0 <\/span>Amassing a catalog of hundreds of original songs with some of the industry\u2019s most notorious writers, Willow Hill has performed The Bluebird Cafe, Whiskey Jam, Music Row Freakshow, Revival, and many of the cities best showcases.<\/p>\n<p style=\"text-align: center;\">The couple recently released their sophomore album, \u201cBetter Together\u201d to critical acclaim.<span class=\"Apple-converted-space\">\u00a0 <\/span>The record garnered national publicity with reviews hailing it as \u201canthemic, cathartic\u201d, and a \u201ccompelling approach to country music\u201d.<span class=\"Apple-converted-space\">\u00a0 <\/span>Willow Hill was named \u201cone of country music\u2019s most promising emerging acts\u201d, and their single \u201cWhiskey or Wine\u201d was added to the Academy of Country Music\u2019s Playlist.<\/p>\n<p>&nbsp;<\/p>\n<p>&nbsp;<\/p>\n<p style=\"text-align: center;\"><strong>Ticket: 28\u20ac<\/strong> \u2013 Tickets go on sale later<\/p>\n<p style=\"text-align: center;\">The show starts at <strong>8pm<\/strong><\/p>\n<p style=\"text-align: center;\"><strong>K-18<\/strong><\/p>\n<p>&nbsp;<\/p>\n<p>&nbsp;<\/p>\n<p style=\"text-align: center;\">Welcome to enjoy great music!<\/p>\n<p>[\/vc_column_text][\/vc_column][vc_column width=&#8221;1\/12&#8243;][\/vc_column][vc_column width=&#8221;1\/3&#8243;][vc_single_image image=&#8221;1140&#8243; img_size=&#8221;full&#8221; onclick=&#8221;link_image&#8221; css=&#8221;&#8221;][vc_single_image image=&#8221;499&#8243; img_size=&#8221;full&#8221; onclick=&#8221;link_image&#8221; css=&#8221;&#8221;][\/vc_column][vc_column width=&#8221;1\/12&#8243;][\/vc_column][\/vc_row][vc_row full_width=&#8221;stretch_row_content&#8221;][vc_column][vc_empty_space height=&#8221;64px&#8221;][\/vc_column][\/vc_row][vc_row full_width=&#8221;stretch_row_content&#8221;][vc_column width=&#8221;1\/12&#8243;][\/vc_column][vc_column width=&#8221;5\/12&#8243;][vc_empty_space height=&#8221;64px&#8221;][vc_column_text css=&#8221;&#8221;]<\/p>\n<h3 style=\"text-align: center;\">Getting to the concert<\/h3>\n<p>&nbsp;<\/p>\n<p><strong>By car<\/strong> \u2013 Juurikkasaari can be reached by car in just 20 minutes from the centre of Jyv\u00e4skyl\u00e4. There are a limited number of parking spaces at Juurikkasaari, approximately 150.<\/p>\n<p>&nbsp;<\/p>\n<p><strong>By bus<\/strong> \u2013 Buses no. 16 and 21 run from the centre of Jyv\u00e4skyl\u00e4 to S\u00e4yn\u00e4tsalo and back. We recommend this method of transport to avoid traffic jams.<\/p>\n<p><a href=\"https:\/\/linkki.jyvaskyla.fi\/aikataulut-ja-reitit\/aikataulut\">Bus schedules<\/a><\/p>\n<p>&nbsp;<\/p>\n<p><strong>By boat<\/strong> &#8211; Our guest boat pier accepts visitors arriving via P\u00e4ij\u00e4nne. Please always use a stern buoy (no side moorings) so that as many boaters as possible can moor at the pier.<\/p>\n<p>&nbsp;<\/p>\n<p><strong>By taxi<\/strong> &#8211; Jytaksi transports between Jyv\u00e4skyl\u00e4 city center-Juurikkasaari-Jyv\u00e4skyl\u00e4 city center for a fixed contract price. We will announce prices per direction during this spring. When booking, please mention that it is a Juurikkasaari contract-priced order.[\/vc_column_text][\/vc_column][vc_column width=&#8221;1\/12&#8243;][\/vc_column][vc_column width=&#8221;1\/3&#8243;][vc_empty_space height=&#8221;64px&#8221;][vc_column_text css=&#8221;&#8221;]<iframe loading=\"lazy\" style=\"border: 0;\" src=\"https:\/\/www.google.com\/maps\/embed?pb=!1m18!1m12!1m3!1d45677.134948514766!2d25.728540815520237!3d62.14675163102869!2m3!1f0!2f0!3f0!3m2!1i1024!2i768!4f13.1!3m3!1m2!1s0x468570f450acf67b%3A0x9a292864218d910!2sJuurikantie%205%2C%2040900%20S%C3%A4yn%C3%A4tsalo!5e0!3m2!1sfi!2sfi!4v1762336820990!5m2!1sfi!2sfi\" width=\"100%\" height=\"450\" allowfullscreen=\"allowfullscreen\"><\/iframe>[\/vc_column_text][\/vc_column][vc_column width=&#8221;1\/12&#8243;][\/vc_column][\/vc_row][vc_row full_width=&#8221;stretch_row_content&#8221;][vc_column][vc_empty_space height=&#8221;64px&#8221;][\/vc_column][\/vc_row][vc_row full_width=&#8221;stretch_row_content&#8221;][vc_column][vc_empty_space height=&#8221;64px&#8221;][\/vc_column][\/vc_row]<\/p>\n<\/div>","protected":false},"excerpt":{"rendered":"<p>[vc_row full_width=&#8221;stretch_row_content&#8221;][vc_column][vc_empty_space height=&#8221;64px&#8221;][\/vc_column][\/vc_row][vc_row full_width=&#8221;stretch_row_content&#8221;][vc_column width=&#8221;1\/12&#8243;][\/vc_column][vc_column width=&#8221;5\/12&#8243;][vc_column_text css=&#8221;&#8221;] Willow Hill &nbsp; Come experience an unforgettable gig on Friday, September 18th at the scenic Juurikkasaari island when the energetic country duo Willow Hill takes the stage! &nbsp; Recently named Rolling Stone\u2019s \u201cBand to Watch\u201d, Willow Hill, has cemented themselves as one of Nashville\u2019s most unique sensations. &nbsp;&hellip;<\/p>\n","protected":false},"author":1,"featured_media":0,"parent":0,"menu_order":20,"comment_status":"closed","ping_status":"open","template":"template-microsite.php","meta":{"footnotes":""},"class_list":["post-1212","page","type-page","status-publish","hentry","description-off"],"_links":{"self":[{"href":"https:\/\/www.juurikkasaari.fi\/en\/wp-json\/wp\/v2\/pages\/1212","targetHints":{"allow":["GET"]}}],"collection":[{"href":"https:\/\/www.juurikkasaari.fi\/en\/wp-json\/wp\/v2\/pages"}],"about":[{"href":"https:\/\/www.juurikkasaari.fi\/en\/wp-json\/wp\/v2\/types\/page"}],"author":[{"embeddable":true,"href":"https:\/\/www.juurikkasaari.fi\/en\/wp-json\/wp\/v2\/users\/1"}],"replies":[{"embeddable":true,"href":"https:\/\/www.juurikkasaari.fi\/en\/wp-json\/wp\/v2\/comments?post=1212"}],"version-history":[{"count":2,"href":"https:\/\/www.juurikkasaari.fi\/en\/wp-json\/wp\/v2\/pages\/1212\/revisions"}],"predecessor-version":[{"id":1214,"href":"https:\/\/www.juurikkasaari.fi\/en\/wp-json\/wp\/v2\/pages\/1212\/revisions\/1214"}],"wp:attachment":[{"href":"https:\/\/www.juurikkasaari.fi\/en\/wp-json\/wp\/v2\/media?parent=1212"}],"curies":[{"name":"wp","href":"https:\/\/api.w.org\/{rel}","templated":true}]}}