{"id":1217,"date":"2026-02-03T14:00:17","date_gmt":"2026-02-03T12:00:17","guid":{"rendered":"https:\/\/www.juurikkasaari.fi\/en\/?page_id=1217"},"modified":"2026-02-04T11:50:55","modified_gmt":"2026-02-04T09:50:55","slug":"larry-peninsula","status":"publish","type":"page","link":"https:\/\/www.juurikkasaari.fi\/en\/larry-peninsula\/","title":{"rendered":"22.7. Larry Peninsula"},"content":{"rendered":"<div class=\"wpb-content-wrapper\"><p>[vc_row full_width=&#8221;stretch_row_content&#8221;][vc_column][vc_empty_space height=&#8221;64px&#8221;][\/vc_column][\/vc_row][vc_row full_width=&#8221;stretch_row_content&#8221;][vc_column width=&#8221;1\/12&#8243;][\/vc_column][vc_column width=&#8221;5\/12&#8243;][vc_column_text css=&#8221;&#8221;]<\/p>\n<h2 style=\"text-align: center;\">Larry Peninsula<\/h2>\n<p>&nbsp;<\/p>\n<p style=\"text-align: center;\">Larry Peninsula will perform on the beach at our beachbar&#8217;s terrace on the shore of Lake P\u00e4ij\u00e4nne.<\/p>\n<p>&nbsp;<\/p>\n<p style=\"text-align: center;\">The show starts at 7pm.<\/p>\n<p>&nbsp;<\/p>\n<p style=\"text-align: center;\">While listening to country music, it&#8217;s easy to take advantage of our Beachbar&#8217;s food and drink service and enjoy the warmth of the evening sun!<\/p>\n<p>&nbsp;<\/p>\n<p style=\"text-align: center;\">Admission to the event is free.<\/p>\n<p>&nbsp;<\/p>\n<p style=\"text-align: center;\">Larry Peninsula is a country artist from Oulu who currently lives in Helsinki. In the autumn, Peninsula was awarded the Rising Star of the Year 2025 award in Texas. One of the leading figures in Finnish country music, Larry has already achieved a lot for his young age. With his critically acclaimed debut album \u201cCountry Music Only\u201d, Larry Peninsula gained a lot of visibility and new loyal fans both in Finland and abroad. In addition to Finland, Larry, who is building an international career, has performed in the United States, Bulgaria, Latvia, Lithuania, Estonia and the Canary Islands.<\/p>\n<p>&nbsp;<\/p>\n<p style=\"text-align: center;\">Larry&#8217;s music has been played on Finnish radio stations and around the world.<\/p>\n<p>&nbsp;<\/p>\n<p style=\"text-align: center;\">Larry has performed with many legends in the industry such as Mikko Alatalo, Jussi Syre &amp; The Groundreabers, Jussi Raittinen and Marko Haavisto and has supported Grammy winner Redd Volkaert, Drake Milligan, Steve \u2019n\u2019 Seagulls and J. Karjalainen. Larry is currently working on his second album with experienced producer Tom Frisk.<\/p>\n<p>&nbsp;<\/p>\n<p style=\"text-align: center;\">Welcome!<\/p>\n<p>[\/vc_column_text][\/vc_column][vc_column width=&#8221;1\/12&#8243;][\/vc_column][vc_column width=&#8221;1\/3&#8243;][vc_single_image image=&#8221;1235&#8243; img_size=&#8221;full&#8221; onclick=&#8221;link_image&#8221; css=&#8221;&#8221;][vc_single_image image=&#8221;433&#8243; img_size=&#8221;full&#8221; onclick=&#8221;link_image&#8221; css=&#8221;&#8221;][\/vc_column][vc_column width=&#8221;1\/12&#8243;][\/vc_column][\/vc_row][vc_row full_width=&#8221;stretch_row_content&#8221;][vc_column][vc_empty_space height=&#8221;64px&#8221;][\/vc_column][\/vc_row][vc_row full_width=&#8221;stretch_row_content&#8221;][vc_column width=&#8221;1\/12&#8243;][\/vc_column][vc_column width=&#8221;5\/12&#8243;][vc_empty_space height=&#8221;64px&#8221;][vc_column_text css=&#8221;&#8221;]<\/p>\n<h3 style=\"text-align: center;\">Arriving to Juurikkasaari<\/h3>\n<p>&nbsp;<\/p>\n<p><strong>By car<\/strong> &#8211; Juurikkasaari can be reached by car in just 20 minutes from the centre of Jyv\u00e4skyl\u00e4. There are approx. 150 parking spaces in Juurikkasaari.<\/p>\n<p><strong>By bus<\/strong> &#8211; Buses no. 16 and 21 take you from the centre of Jyv\u00e4skyl\u00e4 to S\u00e4yn\u00e4tsalo and back. The journey by bus only takes half an hour.<\/p>\n<p><a href=\"https:\/\/linkki.jyvaskyla.fi\/aikataulut-ja-reitit\/aikataulut\">Bus schedules<\/a><\/p>\n<p>&nbsp;<\/p>\n<p><strong>By boat<\/strong> &#8211; Our guest boat pier accepts visitors arriving via P\u00e4ij\u00e4nne! Please always use the stern buoy (no side moorings) so that as many boaters as possible can fit on the pier.<\/p>\n<p><strong>By taxi<\/strong> &#8211; Jytaksi transports between Jyv\u00e4skyl\u00e4 city centre-Juurikkasaari-Jyv\u00e4skyl\u00e4 city centre for a fixed contract price. We will announce the prices\/direction during the spring. When booking, please mention that this is a contract-priced order for Juurikkasaari.[\/vc_column_text][\/vc_column][vc_column width=&#8221;1\/12&#8243;][\/vc_column][vc_column width=&#8221;1\/3&#8243;][vc_empty_space height=&#8221;64px&#8221;][vc_column_text css=&#8221;&#8221;]<iframe loading=\"lazy\" style=\"border: 0;\" src=\"https:\/\/www.google.com\/maps\/embed?pb=!1m18!1m12!1m3!1d45677.134948514766!2d25.728540815520237!3d62.14675163102869!2m3!1f0!2f0!3f0!3m2!1i1024!2i768!4f13.1!3m3!1m2!1s0x468570f450acf67b%3A0x9a292864218d910!2sJuurikantie%205%2C%2040900%20S%C3%A4yn%C3%A4tsalo!5e0!3m2!1sfi!2sfi!4v1762336820990!5m2!1sfi!2sfi\" width=\"100%\" height=\"450\" allowfullscreen=\"allowfullscreen\"><\/iframe>[\/vc_column_text][\/vc_column][vc_column width=&#8221;1\/12&#8243;][\/vc_column][\/vc_row][vc_row full_width=&#8221;stretch_row_content&#8221;][vc_column][vc_empty_space height=&#8221;64px&#8221;][\/vc_column][\/vc_row][vc_row full_width=&#8221;stretch_row_content&#8221;][vc_column][vc_empty_space height=&#8221;64px&#8221;][\/vc_column][\/vc_row]<\/p>\n<\/div>","protected":false},"excerpt":{"rendered":"<p>[vc_row full_width=&#8221;stretch_row_content&#8221;][vc_column][vc_empty_space height=&#8221;64px&#8221;][\/vc_column][\/vc_row][vc_row full_width=&#8221;stretch_row_content&#8221;][vc_column width=&#8221;1\/12&#8243;][\/vc_column][vc_column width=&#8221;5\/12&#8243;][vc_column_text css=&#8221;&#8221;] Larry Peninsula &nbsp; Larry Peninsula will perform on the beach at our beachbar&#8217;s terrace on the shore of Lake P\u00e4ij\u00e4nne. &nbsp; The show starts at 7pm. &nbsp; While listening to country music, it&#8217;s easy to take advantage of our Beachbar&#8217;s food and drink service and enjoy the warmth&hellip;<\/p>\n","protected":false},"author":1,"featured_media":0,"parent":0,"menu_order":20,"comment_status":"closed","ping_status":"open","template":"template-microsite.php","meta":{"footnotes":""},"class_list":["post-1217","page","type-page","status-publish","hentry","description-off"],"_links":{"self":[{"href":"https:\/\/www.juurikkasaari.fi\/en\/wp-json\/wp\/v2\/pages\/1217","targetHints":{"allow":["GET"]}}],"collection":[{"href":"https:\/\/www.juurikkasaari.fi\/en\/wp-json\/wp\/v2\/pages"}],"about":[{"href":"https:\/\/www.juurikkasaari.fi\/en\/wp-json\/wp\/v2\/types\/page"}],"author":[{"embeddable":true,"href":"https:\/\/www.juurikkasaari.fi\/en\/wp-json\/wp\/v2\/users\/1"}],"replies":[{"embeddable":true,"href":"https:\/\/www.juurikkasaari.fi\/en\/wp-json\/wp\/v2\/comments?post=1217"}],"version-history":[{"count":3,"href":"https:\/\/www.juurikkasaari.fi\/en\/wp-json\/wp\/v2\/pages\/1217\/revisions"}],"predecessor-version":[{"id":1240,"href":"https:\/\/www.juurikkasaari.fi\/en\/wp-json\/wp\/v2\/pages\/1217\/revisions\/1240"}],"wp:attachment":[{"href":"https:\/\/www.juurikkasaari.fi\/en\/wp-json\/wp\/v2\/media?parent=1217"}],"curies":[{"name":"wp","href":"https:\/\/api.w.org\/{rel}","templated":true}]}}