{"id":1375,"date":"2026-03-21T16:20:26","date_gmt":"2026-03-21T14:20:26","guid":{"rendered":"https:\/\/www.juurikkasaari.fi\/en\/?page_id=1375"},"modified":"2026-04-14T11:40:13","modified_gmt":"2026-04-14T08:40:13","slug":"linda-lampenius-x-pete-parkkonen","status":"publish","type":"page","link":"https:\/\/www.juurikkasaari.fi\/en\/linda-lampenius-x-pete-parkkonen\/","title":{"rendered":"16.7. Linda Lampenius x Pete Parkkonen"},"content":{"rendered":"<div class=\"wpb-content-wrapper\"><p>[vc_row full_width=&#8221;stretch_row_content&#8221;][vc_column][vc_empty_space height=&#8221;64px&#8221;][\/vc_column][\/vc_row][vc_row full_width=&#8221;stretch_row_content&#8221;][vc_column width=&#8221;1\/12&#8243;][\/vc_column][vc_column width=&#8221;5\/12&#8243;][vc_column_text css=&#8221;&#8221;]<\/p>\n<h1 style=\"text-align: center;\">Linda Lampenius x Pete Parkkonen<\/h1>\n<p>&nbsp;<\/p>\n<p>&nbsp;<\/p>\n<p style=\"text-align: center;\">Violin legend Linda Lampenius and pop star Pete Parkkonen released their joint song Liekinheitin in January 2026, with which the duo entered this year&#8217;s New Music Contest. The song broke records and made history immediately after its release: it became the fastest song in the history of the Contest to reach one million views on YouTube. At the moment, Liekinheitin has collected over 6 million listens on streaming services and has received extensive international attention from both fans and the media.<\/p>\n<p style=\"text-align: center;\">In February, Lampenius and Parkkonen were chosen as Finland&#8217;s Eurovision representatives with an overwhelming vote. The duo won the contest with a whopping 570 points and will represent Finland at the 2026 Eurovision Song Contest in Vienna, Austria. The duo&#8217;s song has held the top spot in the Eurovision betting statistics, has become the number one song on Finnish radio and has been the most listened to song in Finland on the Spotify Top 50 list for several weeks.<\/p>\n<p>&nbsp;<\/p>\n<p style=\"text-align: center;\">Linda Lampenius is known worldwide primarily as a classical violinist.<br \/>\nAt the age of eight, she joined the Helsinki Junior Strings Orchestra and was already touring around the world as a teenager.<br \/>\nLater, Andrew Lloyd Webber personally invited her to perform as a soloist in his work in England, and her classical solo album, released in 1999, made her Finland&#8217;s best-selling classical artist.<\/p>\n<p style=\"text-align: center;\">In 2025, Lampenius made a spectacular return to the Finnish music scene, captivating the domestic audience with his virtuoso playing at the UMK finals. In spring 2025, the artist, who was signed to Universal Music, is currently writing new material, which is scheduled to be released later this year. Now, Lampenius is heading towards a new creative phase in his career and turning the page on a bold pop era &#8211; his own, fresh material is expected, combining his iconic violin and a modern pop sound.<\/p>\n<p>&nbsp;<\/p>\n<p style=\"text-align: center;\">Pete Parkkonen rose to national awareness in 2008 after participating in the third season of the Idols competition. However, this was only the beginning of a diverse career that has since established him as one of the top names in Finnish music. Parkkonen has released four successful albums during his career, the latest of which, PETE, crossed the platinum mark. The album includes the gold and platinum streaming hits Mit\u00e4 m\u00e4 teen (feat. JVG), Kohta sataa, Ei nyt and Myyty. His music smoothly combines elements of pop, R&amp;B and funk, which makes his sound recognizable and distinctive. Parkkonen has also demonstrated his versatility in television entertainment programs. He has won both the Dancing with the Stars and T\u00e4hdet, t\u00e4hdet competitions and made a strong impression on the Vain el\u00e4m\u00e4\u00e4 program in the fall of 2022.<\/p>\n<p>&nbsp;<\/p>\n<p>&nbsp;<\/p>\n<p style=\"text-align: center;\">Ticket: 45\u20ac<\/p>\n<p style=\"text-align: center;\">K-18<\/p>\n<p>&nbsp;<\/p>\n<p style=\"text-align: center;\"><strong>Get your tickets: <a href=\"https:\/\/events.liveto.io\/events\/linda-lampenius-pete-parkkonen-167-juurikkasaari-jyvaskyla\">Liveto<\/a> \u2013 <a href=\"https:\/\/www.tiketti.fi\/linda-lampenius-pete-parkkonen-juurikkasaari-jyvaskyla-lippuja\/116869\">Tiketti<\/a><\/strong><\/p>\n<p>&nbsp;<\/p>\n<h4 style=\"text-align: center;\">Concert schedule<\/h4>\n<p style=\"text-align: center;\">5pm doors open<br \/>\n8pm Linda Lampenius x Pete Parkkonen<\/p>\n<p>&nbsp;<\/p>\n<p>&nbsp;<\/p>\n<p style=\"text-align: center;\">Welcome to enjoy summer and great music!<\/p>\n<p>[\/vc_column_text][\/vc_column][vc_column width=&#8221;1\/12&#8243;][\/vc_column][vc_column width=&#8221;1\/3&#8243;][vc_single_image image=&#8221;1377&#8243; img_size=&#8221;full&#8221; onclick=&#8221;link_image&#8221; css=&#8221;&#8221;][vc_single_image image=&#8221;509&#8243; img_size=&#8221;full&#8221; onclick=&#8221;link_image&#8221; css=&#8221;&#8221;][vc_single_image image=&#8221;685&#8243; img_size=&#8221;full&#8221; onclick=&#8221;link_image&#8221; css=&#8221;&#8221;][\/vc_column][vc_column width=&#8221;1\/12&#8243;][\/vc_column][\/vc_row][vc_row full_width=&#8221;stretch_row_content&#8221;][vc_column][vc_empty_space height=&#8221;64px&#8221;][\/vc_column][\/vc_row][vc_row full_width=&#8221;stretch_row_content&#8221;][vc_column width=&#8221;1\/12&#8243;][\/vc_column][vc_column width=&#8221;5\/12&#8243;][vc_empty_space height=&#8221;64px&#8221;][vc_column_text css=&#8221;&#8221;]<\/p>\n<h3 style=\"text-align: center;\">Getting to the concert<\/h3>\n<p>&nbsp;<\/p>\n<p><strong>By car<\/strong> \u2013 Juurikkasaari can be reached by car in just 20 minutes from the centre of Jyv\u00e4skyl\u00e4. There are a limited number of parking spaces at Juurikkasaari, approximately 150. There is an event parking lot in the center of S\u00e4yn\u00e4tsalo, which we recommend for those coming to the concert by car. You can find the parking lot by following the signs. There is a free non-stop bus from the park to Juurikkasaari and back. Those who need disabled parking can park in Juurikkasaari&#8217;s own parking lot.<\/p>\n<p>&nbsp;<\/p>\n<p><strong>By bus<\/strong> \u2013 Buses no. 16 and 21 run from the centre of Jyv\u00e4skyl\u00e4 to S\u00e4yn\u00e4tsalo and back. We recommend this method of transport to avoid traffic jams.<\/p>\n<p><a href=\"https:\/\/linkki.jyvaskyla.fi\/aikataulut-ja-reitit\/aikataulut\">Bus schedules<\/a><\/p>\n<p>&nbsp;<\/p>\n<p><strong>By boat<\/strong> &#8211; Our guest boat pier accepts visitors arriving via P\u00e4ij\u00e4nne. Please always use a stern buoy (no side moorings) so that as many boaters as possible can moor at the pier.<\/p>\n<p>&nbsp;<\/p>\n<p><strong>By taxi<\/strong> &#8211; Jytaksi transports between Jyv\u00e4skyl\u00e4 city center-Juurikkasaari-Jyv\u00e4skyl\u00e4 city center for a fixed contract price. We will announce prices per direction during this spring. When booking, please mention that it is a Juurikkasaari contract-priced order.[\/vc_column_text][\/vc_column][vc_column width=&#8221;1\/12&#8243;][\/vc_column][vc_column width=&#8221;1\/3&#8243;][vc_empty_space height=&#8221;64px&#8221;][vc_column_text css=&#8221;&#8221;]<iframe loading=\"lazy\" style=\"border: 0;\" src=\"https:\/\/www.google.com\/maps\/embed?pb=!1m18!1m12!1m3!1d45677.134948514766!2d25.728540815520237!3d62.14675163102869!2m3!1f0!2f0!3f0!3m2!1i1024!2i768!4f13.1!3m3!1m2!1s0x468570f450acf67b%3A0x9a292864218d910!2sJuurikantie%205%2C%2040900%20S%C3%A4yn%C3%A4tsalo!5e0!3m2!1sfi!2sfi!4v1762336820990!5m2!1sfi!2sfi\" width=\"100%\" height=\"450\" allowfullscreen=\"allowfullscreen\"><\/iframe>[\/vc_column_text][\/vc_column][vc_column width=&#8221;1\/12&#8243;][\/vc_column][\/vc_row][vc_row full_width=&#8221;stretch_row_content&#8221;][vc_column][vc_empty_space height=&#8221;64px&#8221;][\/vc_column][\/vc_row][vc_row full_width=&#8221;stretch_row_content&#8221;][vc_column][vc_empty_space height=&#8221;64px&#8221;][\/vc_column][\/vc_row]<\/p>\n<\/div>","protected":false},"excerpt":{"rendered":"<p>[vc_row full_width=&#8221;stretch_row_content&#8221;][vc_column][vc_empty_space height=&#8221;64px&#8221;][\/vc_column][\/vc_row][vc_row full_width=&#8221;stretch_row_content&#8221;][vc_column width=&#8221;1\/12&#8243;][\/vc_column][vc_column width=&#8221;5\/12&#8243;][vc_column_text css=&#8221;&#8221;] Linda Lampenius x Pete Parkkonen &nbsp; &nbsp; Violin legend Linda Lampenius and pop star Pete Parkkonen released their joint song Liekinheitin in January 2026, with which the duo entered this year&#8217;s New Music Contest. The song broke records and made history immediately after its release: it became the&hellip;<\/p>\n","protected":false},"author":1,"featured_media":0,"parent":0,"menu_order":20,"comment_status":"closed","ping_status":"open","template":"template-microsite.php","meta":{"footnotes":""},"class_list":["post-1375","page","type-page","status-publish","hentry","description-off"],"_links":{"self":[{"href":"https:\/\/www.juurikkasaari.fi\/en\/wp-json\/wp\/v2\/pages\/1375","targetHints":{"allow":["GET"]}}],"collection":[{"href":"https:\/\/www.juurikkasaari.fi\/en\/wp-json\/wp\/v2\/pages"}],"about":[{"href":"https:\/\/www.juurikkasaari.fi\/en\/wp-json\/wp\/v2\/types\/page"}],"author":[{"embeddable":true,"href":"https:\/\/www.juurikkasaari.fi\/en\/wp-json\/wp\/v2\/users\/1"}],"replies":[{"embeddable":true,"href":"https:\/\/www.juurikkasaari.fi\/en\/wp-json\/wp\/v2\/comments?post=1375"}],"version-history":[{"count":5,"href":"https:\/\/www.juurikkasaari.fi\/en\/wp-json\/wp\/v2\/pages\/1375\/revisions"}],"predecessor-version":[{"id":1456,"href":"https:\/\/www.juurikkasaari.fi\/en\/wp-json\/wp\/v2\/pages\/1375\/revisions\/1456"}],"wp:attachment":[{"href":"https:\/\/www.juurikkasaari.fi\/en\/wp-json\/wp\/v2\/media?parent=1375"}],"curies":[{"name":"wp","href":"https:\/\/api.w.org\/{rel}","templated":true}]}}