{"id":1387,"date":"2026-03-21T17:18:47","date_gmt":"2026-03-21T15:18:47","guid":{"rendered":"https:\/\/www.juurikkasaari.fi\/en\/?page_id=1387"},"modified":"2026-03-21T17:18:47","modified_gmt":"2026-03-21T15:18:47","slug":"melankolian-lapset","status":"publish","type":"page","link":"https:\/\/www.juurikkasaari.fi\/en\/melankolian-lapset\/","title":{"rendered":"17.7. Melankolian Lapset"},"content":{"rendered":"<div class=\"wpb-content-wrapper\"><p>[vc_row full_width=&#8221;stretch_row_content&#8221;][vc_column][vc_empty_space height=&#8221;64px&#8221;][\/vc_column][\/vc_row][vc_row full_width=&#8221;stretch_row_content&#8221;][vc_column width=&#8221;1\/12&#8243;][\/vc_column][vc_column width=&#8221;5\/12&#8243;][vc_column_text css=&#8221;&#8221;]<\/p>\n<h1 style=\"text-align: center;\">Melankolian Lapset<\/h1>\n<p>&nbsp;<\/p>\n<p style=\"text-align: center;\">Come enjoy the beautiful weather, food and great music on a Friday evening at Juurikkasaari!<\/p>\n<p style=\"text-align: center;\">Melankolian Lapset emerges from the depths of Jyv\u00e4skyl\u00e4, creating their own stories of life. Human lyrics are wrapped in catchy melodies and occasionally heavy playing.<br \/>\nMelankolian Lapset: singer-lyricist Anniina, guitarist Henkka, atomic clock-accurate drummer Timo and bassist Jukka.<\/p>\n<p>&nbsp;<\/p>\n<p>&nbsp;<\/p>\n<p style=\"text-align: center;\">Show starts at 8pm.<\/p>\n<p style=\"text-align: center;\">Event has free admission.<\/p>\n<p>&nbsp;<\/p>\n<p style=\"text-align: center;\">While listening to music, Rantabaari&#8217;s cold refreshments and delicious food will keep you satisfied as you enjoy the warmth of the evening sun!<\/p>\n<p>&nbsp;<\/p>\n<p>&nbsp;<\/p>\n<p style=\"text-align: center;\">Welcome to enjoy the July heat and great music!<\/p>\n<p>[\/vc_column_text][\/vc_column][vc_column width=&#8221;1\/12&#8243;][\/vc_column][vc_column width=&#8221;1\/3&#8243;][vc_single_image image=&#8221;1226&#8243; img_size=&#8221;full&#8221; onclick=&#8221;link_image&#8221; css=&#8221;&#8221;][vc_single_image image=&#8221;509&#8243; img_size=&#8221;full&#8221; onclick=&#8221;link_image&#8221; css=&#8221;&#8221;][\/vc_column][vc_column width=&#8221;1\/12&#8243;][\/vc_column][\/vc_row][vc_row full_width=&#8221;stretch_row_content&#8221;][vc_column][vc_empty_space height=&#8221;64px&#8221;][\/vc_column][\/vc_row][vc_row full_width=&#8221;stretch_row_content&#8221;][vc_column width=&#8221;1\/12&#8243;][\/vc_column][vc_column width=&#8221;5\/12&#8243;][vc_empty_space height=&#8221;64px&#8221;][vc_column_text css=&#8221;&#8221;]<\/p>\n<h3 style=\"text-align: center;\">Getting to the concert<\/h3>\n<p>&nbsp;<\/p>\n<p><strong>By car<\/strong> \u2013 Juurikkasaari can be reached by car in just 20 minutes from the centre of Jyv\u00e4skyl\u00e4. There are a limited number of parking spaces at Juurikkasaari, approximately 150.<\/p>\n<p>&nbsp;<\/p>\n<p><strong>By bus<\/strong> \u2013 Buses no. 16 and 21 run from the centre of Jyv\u00e4skyl\u00e4 to S\u00e4yn\u00e4tsalo and back. We recommend this method of transport to avoid traffic jams.<\/p>\n<p><a href=\"https:\/\/linkki.jyvaskyla.fi\/aikataulut-ja-reitit\/aikataulut\">Bus schedules<\/a><\/p>\n<p>&nbsp;<\/p>\n<p><strong>By boat<\/strong> &#8211; Our guest boat pier accepts visitors arriving via P\u00e4ij\u00e4nne. Please always use a stern buoy (no side moorings) so that as many boaters as possible can moor at the pier.<\/p>\n<p>&nbsp;<\/p>\n<p><strong>By taxi<\/strong> &#8211; Jytaksi transports between Jyv\u00e4skyl\u00e4 city center-Juurikkasaari-Jyv\u00e4skyl\u00e4 city center for a fixed contract price. We will announce prices per direction during this spring. When booking, please mention that it is a Juurikkasaari contract-priced order.[\/vc_column_text][\/vc_column][vc_column width=&#8221;1\/12&#8243;][\/vc_column][vc_column width=&#8221;1\/3&#8243;][vc_empty_space height=&#8221;64px&#8221;][vc_column_text css=&#8221;&#8221;]<iframe loading=\"lazy\" style=\"border: 0;\" src=\"https:\/\/www.google.com\/maps\/embed?pb=!1m18!1m12!1m3!1d45677.134948514766!2d25.728540815520237!3d62.14675163102869!2m3!1f0!2f0!3f0!3m2!1i1024!2i768!4f13.1!3m3!1m2!1s0x468570f450acf67b%3A0x9a292864218d910!2sJuurikantie%205%2C%2040900%20S%C3%A4yn%C3%A4tsalo!5e0!3m2!1sfi!2sfi!4v1762336820990!5m2!1sfi!2sfi\" width=\"100%\" height=\"450\" allowfullscreen=\"allowfullscreen\"><\/iframe>[\/vc_column_text][\/vc_column][vc_column width=&#8221;1\/12&#8243;][\/vc_column][\/vc_row][vc_row full_width=&#8221;stretch_row_content&#8221;][vc_column][vc_empty_space height=&#8221;64px&#8221;][\/vc_column][\/vc_row][vc_row full_width=&#8221;stretch_row_content&#8221;][vc_column][vc_empty_space height=&#8221;64px&#8221;][\/vc_column][\/vc_row]<\/p>\n<\/div>","protected":false},"excerpt":{"rendered":"<p>[vc_row full_width=&#8221;stretch_row_content&#8221;][vc_column][vc_empty_space height=&#8221;64px&#8221;][\/vc_column][\/vc_row][vc_row full_width=&#8221;stretch_row_content&#8221;][vc_column width=&#8221;1\/12&#8243;][\/vc_column][vc_column width=&#8221;5\/12&#8243;][vc_column_text css=&#8221;&#8221;] Melankolian Lapset &nbsp; Come enjoy the beautiful weather, food and great music on a Friday evening at Juurikkasaari! Melankolian Lapset emerges from the depths of Jyv\u00e4skyl\u00e4, creating their own stories of life. Human lyrics are wrapped in catchy melodies and occasionally heavy playing. Melankolian Lapset: singer-lyricist Anniina, guitarist&hellip;<\/p>\n","protected":false},"author":1,"featured_media":0,"parent":0,"menu_order":20,"comment_status":"closed","ping_status":"open","template":"template-microsite.php","meta":{"footnotes":""},"class_list":["post-1387","page","type-page","status-publish","hentry","description-off"],"_links":{"self":[{"href":"https:\/\/www.juurikkasaari.fi\/en\/wp-json\/wp\/v2\/pages\/1387","targetHints":{"allow":["GET"]}}],"collection":[{"href":"https:\/\/www.juurikkasaari.fi\/en\/wp-json\/wp\/v2\/pages"}],"about":[{"href":"https:\/\/www.juurikkasaari.fi\/en\/wp-json\/wp\/v2\/types\/page"}],"author":[{"embeddable":true,"href":"https:\/\/www.juurikkasaari.fi\/en\/wp-json\/wp\/v2\/users\/1"}],"replies":[{"embeddable":true,"href":"https:\/\/www.juurikkasaari.fi\/en\/wp-json\/wp\/v2\/comments?post=1387"}],"version-history":[{"count":1,"href":"https:\/\/www.juurikkasaari.fi\/en\/wp-json\/wp\/v2\/pages\/1387\/revisions"}],"predecessor-version":[{"id":1388,"href":"https:\/\/www.juurikkasaari.fi\/en\/wp-json\/wp\/v2\/pages\/1387\/revisions\/1388"}],"wp:attachment":[{"href":"https:\/\/www.juurikkasaari.fi\/en\/wp-json\/wp\/v2\/media?parent=1387"}],"curies":[{"name":"wp","href":"https:\/\/api.w.org\/{rel}","templated":true}]}}