{"id":1412,"date":"2026-03-24T13:51:52","date_gmt":"2026-03-24T11:51:52","guid":{"rendered":"https:\/\/www.juurikkasaari.fi\/en\/?page_id=1412"},"modified":"2026-03-24T13:54:01","modified_gmt":"2026-03-24T11:54:01","slug":"vesterinen-yhtyeineen","status":"publish","type":"page","link":"https:\/\/www.juurikkasaari.fi\/en\/vesterinen-yhtyeineen\/","title":{"rendered":"14.8. Vesterinen Yhtyeineen"},"content":{"rendered":"<div class=\"wpb-content-wrapper\"><p>[vc_row full_width=&#8221;stretch_row_content&#8221;][vc_column][vc_empty_space height=&#8221;64px&#8221;][\/vc_column][\/vc_row][vc_row full_width=&#8221;stretch_row_content&#8221;][vc_column width=&#8221;1\/12&#8243;][\/vc_column][vc_column width=&#8221;5\/12&#8243;][vc_column_text css=&#8221;&#8221;]<\/p>\n<h1 style=\"text-align: center;\">Vesterinen Yhtyeineen<\/h1>\n<p>&nbsp;<\/p>\n<h4 style=\"text-align: center;\">Vesterinen Yhtyeineen will return to perform in Juurikkasaari in the summer of 2026!<\/h4>\n<p>&nbsp;<\/p>\n<p style=\"text-align: center;\">Known for their amazing live shows, Vesterinen Yhtyeineen will return to perform on the outdoor stage of Juurikkasaari in Jyv\u00e4skyl\u00e4 on Friday, August 14. The band, which sold out their Juurikkasaari gigs in the previous two years, has new music this time, as the band will release their ninth studio album, Liian hiljaista, on March 6.<\/p>\n<div style=\"text-align: center;\">\n<div><\/div>\n<div>The upcoming album is a celebration of big band playing together, a counterweight to mainstream producer-driven digital music. The album defends important things for the band, such as community, peace and love. As a counterbalance to the more serious new songs, the album release tour will of course also feature the band&#8217;s older masterpieces as much as the soul can handle. The ten-piece band, led by Tero Vesterinen, has some of its best-known hits including Kohti syd\u00e4npeltoja, Tummilla tiell\u00e4, Kukaan ei koskaan, Kolme hyv\u00e4\u00e4 vinkki\u00e4 and Onnellinen mies.<\/div>\n<div><\/div>\n<div><\/div>\n<div>The evening will also feature the rock band Oliver from Jyv\u00e4skyl\u00e4, who will continue on the indoor stage immediately after the Vesterinen Yhtyein concert.<\/div>\n<\/div>\n<div><\/div>\n<div><\/div>\n<div><\/div>\n<div><\/div>\n<div><\/div>\n<p style=\"text-align: center;\">Ticket: 49,90\u20ac<\/p>\n<p style=\"text-align: center;\"><strong>Get your ticket:<\/strong><\/p>\n<p style=\"text-align: center;\"><a href=\"https:\/\/www.tiketti.fi\/vesterinen-yhtyeineen-juhlatalo-juurikkasaari-jyvaskyla-lippuja\/115455\">Tiketti.fi<\/a><\/p>\n<h3><\/h3>\n<h3><\/h3>\n<h3 style=\"text-align: center;\">Concert schedule:<\/h3>\n<p style=\"text-align: center;\">5pm Doors<br \/>\n5pm-7.30pm Dinner<br \/>\n8pm Vesterinen Yhtyeineen<br \/>\n9.30pm Oliver (indoor stage)<\/p>\n<p>&nbsp;<\/p>\n<p>&nbsp;<\/p>\n<p style=\"text-align: center;\">Welcome to enjoy great music!<\/p>\n<p>[\/vc_column_text][\/vc_column][vc_column width=&#8221;1\/12&#8243;][\/vc_column][vc_column width=&#8221;1\/3&#8243;][vc_single_image image=&#8221;1411&#8243; img_size=&#8221;full&#8221; onclick=&#8221;link_image&#8221; css=&#8221;&#8221;][vc_single_image image=&#8221;685&#8243; img_size=&#8221;full&#8221; onclick=&#8221;link_image&#8221; css=&#8221;&#8221;][vc_single_image image=&#8221;509&#8243; img_size=&#8221;full&#8221; onclick=&#8221;link_image&#8221; css=&#8221;&#8221;][\/vc_column][vc_column width=&#8221;1\/12&#8243;][\/vc_column][\/vc_row][vc_row full_width=&#8221;stretch_row_content&#8221;][vc_column][vc_empty_space height=&#8221;64px&#8221;][\/vc_column][\/vc_row][vc_row full_width=&#8221;stretch_row_content&#8221;][vc_column width=&#8221;1\/12&#8243;][\/vc_column][vc_column width=&#8221;5\/12&#8243;][vc_empty_space height=&#8221;64px&#8221;][vc_column_text css=&#8221;&#8221;]<\/p>\n<h3 style=\"text-align: center;\">Getting to the concert<\/h3>\n<p>&nbsp;<\/p>\n<p><strong>By car<\/strong> \u2013 Juurikkasaari can be reached by car in just 20 minutes from the centre of Jyv\u00e4skyl\u00e4. There are a limited number of parking spaces at Juurikkasaari, approximately 150. There is an event parking lot in the center of S\u00e4yn\u00e4tsalo, which we recommend for those coming to the concert by car. You can find the parking lot by following the signs. There is a free non-stop bus from the park to Juurikkasaari and back. Those who need disabled parking can park in Juurikkasaari&#8217;s own parking lot.<\/p>\n<p>&nbsp;<\/p>\n<p><strong>By bus<\/strong> \u2013 Buses no. 16 and 21 run from the centre of Jyv\u00e4skyl\u00e4 to S\u00e4yn\u00e4tsalo and back. We recommend this method of transport to avoid traffic jams.<\/p>\n<p><a href=\"https:\/\/linkki.jyvaskyla.fi\/aikataulut-ja-reitit\/aikataulut\">Bus schedules<\/a><\/p>\n<p>&nbsp;<\/p>\n<p><strong>By boat<\/strong> &#8211; Our guest boat pier accepts visitors arriving via P\u00e4ij\u00e4nne. Please always use a stern buoy (no side moorings) so that as many boaters as possible can moor at the pier.<\/p>\n<p>&nbsp;<\/p>\n<p><strong>By taxi<\/strong> &#8211; Jytaksi transports between Jyv\u00e4skyl\u00e4 city center-Juurikkasaari-Jyv\u00e4skyl\u00e4 city center for a fixed contract price. We will announce prices per direction during this spring. When booking, please mention that it is a Juurikkasaari contract-priced order.[\/vc_column_text][\/vc_column][vc_column width=&#8221;1\/12&#8243;][\/vc_column][vc_column width=&#8221;1\/3&#8243;][vc_empty_space height=&#8221;64px&#8221;][vc_column_text css=&#8221;&#8221;]<iframe loading=\"lazy\" style=\"border: 0;\" src=\"https:\/\/www.google.com\/maps\/embed?pb=!1m18!1m12!1m3!1d45677.134948514766!2d25.728540815520237!3d62.14675163102869!2m3!1f0!2f0!3f0!3m2!1i1024!2i768!4f13.1!3m3!1m2!1s0x468570f450acf67b%3A0x9a292864218d910!2sJuurikantie%205%2C%2040900%20S%C3%A4yn%C3%A4tsalo!5e0!3m2!1sfi!2sfi!4v1762336820990!5m2!1sfi!2sfi\" width=\"100%\" height=\"450\" allowfullscreen=\"allowfullscreen\"><\/iframe>[\/vc_column_text][\/vc_column][vc_column width=&#8221;1\/12&#8243;][\/vc_column][\/vc_row][vc_row full_width=&#8221;stretch_row_content&#8221;][vc_column][vc_empty_space height=&#8221;64px&#8221;][\/vc_column][\/vc_row][vc_row full_width=&#8221;stretch_row_content&#8221;][vc_column][vc_empty_space height=&#8221;64px&#8221;][\/vc_column][\/vc_row]<\/p>\n<\/div>","protected":false},"excerpt":{"rendered":"<p>[vc_row full_width=&#8221;stretch_row_content&#8221;][vc_column][vc_empty_space height=&#8221;64px&#8221;][\/vc_column][\/vc_row][vc_row full_width=&#8221;stretch_row_content&#8221;][vc_column width=&#8221;1\/12&#8243;][\/vc_column][vc_column width=&#8221;5\/12&#8243;][vc_column_text css=&#8221;&#8221;] Vesterinen Yhtyeineen &nbsp; Vesterinen Yhtyeineen will return to perform in Juurikkasaari in the summer of 2026! &nbsp; Known for their amazing live shows, Vesterinen Yhtyeineen will return to perform on the outdoor stage of Juurikkasaari in Jyv\u00e4skyl\u00e4 on Friday, August 14. The band, which sold out their Juurikkasaari&hellip;<\/p>\n","protected":false},"author":1,"featured_media":0,"parent":0,"menu_order":20,"comment_status":"closed","ping_status":"open","template":"template-microsite.php","meta":{"footnotes":""},"class_list":["post-1412","page","type-page","status-publish","hentry","description-off"],"_links":{"self":[{"href":"https:\/\/www.juurikkasaari.fi\/en\/wp-json\/wp\/v2\/pages\/1412","targetHints":{"allow":["GET"]}}],"collection":[{"href":"https:\/\/www.juurikkasaari.fi\/en\/wp-json\/wp\/v2\/pages"}],"about":[{"href":"https:\/\/www.juurikkasaari.fi\/en\/wp-json\/wp\/v2\/types\/page"}],"author":[{"embeddable":true,"href":"https:\/\/www.juurikkasaari.fi\/en\/wp-json\/wp\/v2\/users\/1"}],"replies":[{"embeddable":true,"href":"https:\/\/www.juurikkasaari.fi\/en\/wp-json\/wp\/v2\/comments?post=1412"}],"version-history":[{"count":3,"href":"https:\/\/www.juurikkasaari.fi\/en\/wp-json\/wp\/v2\/pages\/1412\/revisions"}],"predecessor-version":[{"id":1417,"href":"https:\/\/www.juurikkasaari.fi\/en\/wp-json\/wp\/v2\/pages\/1412\/revisions\/1417"}],"wp:attachment":[{"href":"https:\/\/www.juurikkasaari.fi\/en\/wp-json\/wp\/v2\/media?parent=1412"}],"curies":[{"name":"wp","href":"https:\/\/api.w.org\/{rel}","templated":true}]}}