{"id":1418,"date":"2026-03-24T13:58:54","date_gmt":"2026-03-24T11:58:54","guid":{"rendered":"https:\/\/www.juurikkasaari.fi\/en\/?page_id=1418"},"modified":"2026-04-28T11:03:46","modified_gmt":"2026-04-28T08:03:46","slug":"mike-wheeler-and-highway","status":"publish","type":"page","link":"https:\/\/www.juurikkasaari.fi\/en\/mike-wheeler-and-highway\/","title":{"rendered":"29.7. Mike Wheeler &#038; Highway"},"content":{"rendered":"<div class=\"wpb-content-wrapper\"><p>[vc_row full_width=&#8221;stretch_row_content&#8221;][vc_column][vc_empty_space height=&#8221;64px&#8221;][\/vc_column][\/vc_row][vc_row full_width=&#8221;stretch_row_content&#8221;][vc_column width=&#8221;1\/12&#8243;][\/vc_column][vc_column width=&#8221;5\/12&#8243;][vc_column_text css=&#8221;&#8221;]<\/p>\n<h2 style=\"text-align: center;\">Mike Wheeler &amp; Highway<\/h2>\n<p style=\"text-align: center;\">Mike Wheeler &amp; Highway will be performing on July 29th on the shores of beautiful Lake P\u00e4ij\u00e4nne at Juurikkasaari!<\/p>\n<p style=\"text-align: center;\">Show starts at 7pm.<\/p>\n<p style=\"text-align: center;\">While listening to music, it is easy to take advantage of the Rantabaari&#8217;s food and drink service and enjoy the warmth of the evening sun.<\/p>\n<p style=\"text-align: center;\">Admission to the event is free!<\/p>\n<p style=\"text-align: center;\">MIKE WHEELER &amp; HIGHWAY<br \/>\nMike Wheeler,vocals &amp; guitar<br \/>\nKari Kempas, vocals &amp; harmonica<br \/>\nJonne Kulluvaara, guitar<br \/>\nJan-Olof Strandberg, bass<br \/>\nPetteri M\u00e4\u00e4tt\u00e4nen, drums<\/p>\n<p style=\"text-align: center;\">Welcome!<\/p>\n<p>[\/vc_column_text][\/vc_column][vc_column width=&#8221;1\/12&#8243;][\/vc_column][vc_column width=&#8221;1\/3&#8243;][vc_single_image image=&#8221;1468&#8243; img_size=&#8221;full&#8221; onclick=&#8221;link_image&#8221; css=&#8221;&#8221;][vc_single_image image=&#8221;509&#8243; img_size=&#8221;full&#8221; onclick=&#8221;link_image&#8221; css=&#8221;&#8221;][\/vc_column][vc_column width=&#8221;1\/12&#8243;][\/vc_column][\/vc_row][vc_row full_width=&#8221;stretch_row_content&#8221;][vc_column][vc_empty_space height=&#8221;64px&#8221;][\/vc_column][\/vc_row][vc_row full_width=&#8221;stretch_row_content&#8221;][vc_column width=&#8221;1\/12&#8243;][\/vc_column][vc_column width=&#8221;5\/12&#8243;][vc_empty_space height=&#8221;64px&#8221;][vc_column_text css=&#8221;&#8221;]<\/p>\n<h3 style=\"text-align: center;\">Getting to the concert<\/h3>\n<p>&nbsp;<\/p>\n<p><strong>By car<\/strong> \u2013 Juurikkasaari can be reached by car in just 20 minutes from the centre of Jyv\u00e4skyl\u00e4. There are a limited number of parking spaces at Juurikkasaari, approximately 150.<\/p>\n<p>&nbsp;<\/p>\n<p><strong>By bus<\/strong> \u2013 Buses no. 16 and 21 run from the centre of Jyv\u00e4skyl\u00e4 to S\u00e4yn\u00e4tsalo and back. We recommend this method of transport to avoid traffic jams.<\/p>\n<p><a href=\"https:\/\/linkki.jyvaskyla.fi\/aikataulut-ja-reitit\/aikataulut\">Bus schedules<\/a><\/p>\n<p>&nbsp;<\/p>\n<p><strong>By boat<\/strong> &#8211; Our guest boat pier accepts visitors arriving via P\u00e4ij\u00e4nne. Please always use a stern buoy (no side moorings) so that as many boaters as possible can moor at the pier.<\/p>\n<p>&nbsp;<\/p>\n<p><strong>By taxi<\/strong> &#8211; Jytaksi transports between Jyv\u00e4skyl\u00e4 city center-Juurikkasaari-Jyv\u00e4skyl\u00e4 city center for a fixed contract price. We will announce prices per direction during this spring. When booking, please mention that it is a Juurikkasaari contract-priced order.[\/vc_column_text][\/vc_column][vc_column width=&#8221;1\/12&#8243;][\/vc_column][vc_column width=&#8221;1\/3&#8243;][vc_empty_space height=&#8221;64px&#8221;][vc_column_text css=&#8221;&#8221;]<iframe loading=\"lazy\" style=\"border: 0;\" src=\"https:\/\/www.google.com\/maps\/embed?pb=!1m18!1m12!1m3!1d45677.134948514766!2d25.728540815520237!3d62.14675163102869!2m3!1f0!2f0!3f0!3m2!1i1024!2i768!4f13.1!3m3!1m2!1s0x468570f450acf67b%3A0x9a292864218d910!2sJuurikantie%205%2C%2040900%20S%C3%A4yn%C3%A4tsalo!5e0!3m2!1sfi!2sfi!4v1762336820990!5m2!1sfi!2sfi\" width=\"100%\" height=\"450\" allowfullscreen=\"allowfullscreen\"><\/iframe>[\/vc_column_text][\/vc_column][vc_column width=&#8221;1\/12&#8243;][\/vc_column][\/vc_row][vc_row full_width=&#8221;stretch_row_content&#8221;][vc_column][vc_empty_space height=&#8221;64px&#8221;][\/vc_column][\/vc_row][vc_row full_width=&#8221;stretch_row_content&#8221;][vc_column][vc_empty_space height=&#8221;64px&#8221;][\/vc_column][\/vc_row]<\/p>\n<\/div>","protected":false},"excerpt":{"rendered":"<p>[vc_row full_width=&#8221;stretch_row_content&#8221;][vc_column][vc_empty_space height=&#8221;64px&#8221;][\/vc_column][\/vc_row][vc_row full_width=&#8221;stretch_row_content&#8221;][vc_column width=&#8221;1\/12&#8243;][\/vc_column][vc_column width=&#8221;5\/12&#8243;][vc_column_text css=&#8221;&#8221;] Mike Wheeler &amp; Highway Mike Wheeler &amp; Highway will be performing on July 29th on the shores of beautiful Lake P\u00e4ij\u00e4nne at Juurikkasaari! Show starts at 7pm. While listening to music, it is easy to take advantage of the Rantabaari&#8217;s food and drink service and enjoy the warmth&hellip;<\/p>\n","protected":false},"author":1,"featured_media":0,"parent":0,"menu_order":20,"comment_status":"closed","ping_status":"open","template":"template-microsite.php","meta":{"footnotes":""},"class_list":["post-1418","page","type-page","status-publish","hentry","description-off"],"_links":{"self":[{"href":"https:\/\/www.juurikkasaari.fi\/en\/wp-json\/wp\/v2\/pages\/1418","targetHints":{"allow":["GET"]}}],"collection":[{"href":"https:\/\/www.juurikkasaari.fi\/en\/wp-json\/wp\/v2\/pages"}],"about":[{"href":"https:\/\/www.juurikkasaari.fi\/en\/wp-json\/wp\/v2\/types\/page"}],"author":[{"embeddable":true,"href":"https:\/\/www.juurikkasaari.fi\/en\/wp-json\/wp\/v2\/users\/1"}],"replies":[{"embeddable":true,"href":"https:\/\/www.juurikkasaari.fi\/en\/wp-json\/wp\/v2\/comments?post=1418"}],"version-history":[{"count":3,"href":"https:\/\/www.juurikkasaari.fi\/en\/wp-json\/wp\/v2\/pages\/1418\/revisions"}],"predecessor-version":[{"id":1469,"href":"https:\/\/www.juurikkasaari.fi\/en\/wp-json\/wp\/v2\/pages\/1418\/revisions\/1469"}],"wp:attachment":[{"href":"https:\/\/www.juurikkasaari.fi\/en\/wp-json\/wp\/v2\/media?parent=1418"}],"curies":[{"name":"wp","href":"https:\/\/api.w.org\/{rel}","templated":true}]}}