{"id":1423,"date":"2026-03-24T14:04:22","date_gmt":"2026-03-24T12:04:22","guid":{"rendered":"https:\/\/www.juurikkasaari.fi\/en\/?page_id=1423"},"modified":"2026-03-24T14:04:22","modified_gmt":"2026-03-24T12:04:22","slug":"muska-and-hot-dogs","status":"publish","type":"page","link":"https:\/\/www.juurikkasaari.fi\/en\/muska-and-hot-dogs\/","title":{"rendered":"23.7. Muska &#038; Hot Dogs"},"content":{"rendered":"<div class=\"wpb-content-wrapper\"><p>[vc_row full_width=&#8221;stretch_row_content&#8221;][vc_column][vc_empty_space height=&#8221;64px&#8221;][\/vc_column][\/vc_row][vc_row full_width=&#8221;stretch_row_content&#8221;][vc_column width=&#8221;1\/12&#8243;][\/vc_column][vc_column width=&#8221;5\/12&#8243;][vc_column_text css=&#8221;&#8221;]<\/p>\n<h1 style=\"text-align: center;\">Muska &amp; Hot Dogs<\/h1>\n<p>&nbsp;<\/p>\n<p style=\"text-align: center;\">Come enjoy great weather, food and music on Thursday evening, July 23rd at the Pavilion on Juurikkasaari!<\/p>\n<p>&nbsp;<\/p>\n<p style=\"text-align: center;\">Muska began her continuing singing career in 1969, at that time she was the only Finnish female rock singer. In the 60s Muska&#8217;s singing career took off and in 1969-71 Muska toured with Kirkan ja Dannyn kes\u00e4 tours.<\/p>\n<p style=\"text-align: center;\">Kala-Hande and Muska founded a new band Muska &amp; Hot Dogs which toured a lot in the early 70s, doing joint tours with Hurriganes and Rauli &#8221;Badding&#8221; Somerjoki, among others.<\/p>\n<p style=\"text-align: center;\">The first single &#8221;Kirjoita Postikorttiin&#8221; was released in 1971 and the LP &#8221;Muska&#8221; in 1973, this special album contains the legendary &#8221;Krokotiilirock&#8221; and other covers of songs by, among others, Chuck Berry, Nasareth, Suzi Quatro and Slade. Songs that, when performed by a Finnish female singer, were the initial impetus for the entire Finnish female rock scene.<\/p>\n<p style=\"text-align: center;\">Ticket: 22\u20ac<\/p>\n<p style=\"text-align: center;\">Show starts at 8pm<\/p>\n<p style=\"text-align: center;\"><em><a href=\"https:\/\/events.liveto.io\/events\/muska-and-hot-dogs-237-juurikkasaari-jyvaskyla\">Tickets here!<\/a><\/em><\/p>\n<p style=\"text-align: center;\">Welcome to enjoy the July heat and great music!<\/p>\n<p>[\/vc_column_text][\/vc_column][vc_column width=&#8221;1\/12&#8243;][\/vc_column][vc_column width=&#8221;1\/3&#8243;][vc_single_image image=&#8221;1232&#8243; img_size=&#8221;full&#8221; onclick=&#8221;link_image&#8221; css=&#8221;&#8221;][vc_single_image image=&#8221;667&#8243; img_size=&#8221;full&#8221; onclick=&#8221;link_image&#8221; css=&#8221;&#8221;][\/vc_column][vc_column width=&#8221;1\/12&#8243;][\/vc_column][\/vc_row][vc_row full_width=&#8221;stretch_row_content&#8221;][vc_column][vc_empty_space height=&#8221;64px&#8221;][\/vc_column][\/vc_row][vc_row full_width=&#8221;stretch_row_content&#8221;][vc_column width=&#8221;1\/12&#8243;][\/vc_column][vc_column width=&#8221;5\/12&#8243;][vc_empty_space height=&#8221;64px&#8221;][vc_column_text css=&#8221;&#8221;]<\/p>\n<h3 style=\"text-align: center;\">Getting to the concert<\/h3>\n<p>&nbsp;<\/p>\n<p><strong>By car<\/strong> \u2013 Juurikkasaari can be reached by car in just 20 minutes from the centre of Jyv\u00e4skyl\u00e4. There are a limited number of parking spaces at Juurikkasaari, approximately 150.<\/p>\n<p>&nbsp;<\/p>\n<p><strong>By bus<\/strong> \u2013 Buses no. 16 and 21 run from the centre of Jyv\u00e4skyl\u00e4 to S\u00e4yn\u00e4tsalo and back. We recommend this method of transport to avoid traffic jams.<\/p>\n<p><a href=\"https:\/\/linkki.jyvaskyla.fi\/aikataulut-ja-reitit\/aikataulut\">Bus schedules<\/a><\/p>\n<p>&nbsp;<\/p>\n<p><strong>By boat<\/strong> &#8211; Our guest boat pier accepts visitors arriving via P\u00e4ij\u00e4nne. Please always use a stern buoy (no side moorings) so that as many boaters as possible can moor at the pier.<\/p>\n<p>&nbsp;<\/p>\n<p><strong>By taxi<\/strong> &#8211; Jytaksi transports between Jyv\u00e4skyl\u00e4 city center-Juurikkasaari-Jyv\u00e4skyl\u00e4 city center for a fixed contract price. We will announce prices per direction during this spring. When booking, please mention that it is a Juurikkasaari contract-priced order.[\/vc_column_text][\/vc_column][vc_column width=&#8221;1\/12&#8243;][\/vc_column][vc_column width=&#8221;1\/3&#8243;][vc_empty_space height=&#8221;64px&#8221;][vc_column_text css=&#8221;&#8221;]<iframe loading=\"lazy\" style=\"border: 0;\" src=\"https:\/\/www.google.com\/maps\/embed?pb=!1m18!1m12!1m3!1d45677.134948514766!2d25.728540815520237!3d62.14675163102869!2m3!1f0!2f0!3f0!3m2!1i1024!2i768!4f13.1!3m3!1m2!1s0x468570f450acf67b%3A0x9a292864218d910!2sJuurikantie%205%2C%2040900%20S%C3%A4yn%C3%A4tsalo!5e0!3m2!1sfi!2sfi!4v1762336820990!5m2!1sfi!2sfi\" width=\"100%\" height=\"450\" allowfullscreen=\"allowfullscreen\"><\/iframe>[\/vc_column_text][\/vc_column][vc_column width=&#8221;1\/12&#8243;][\/vc_column][\/vc_row][vc_row full_width=&#8221;stretch_row_content&#8221;][vc_column][vc_empty_space height=&#8221;64px&#8221;][\/vc_column][\/vc_row][vc_row full_width=&#8221;stretch_row_content&#8221;][vc_column][vc_empty_space height=&#8221;64px&#8221;][\/vc_column][\/vc_row]<\/p>\n<\/div>","protected":false},"excerpt":{"rendered":"<p>[vc_row full_width=&#8221;stretch_row_content&#8221;][vc_column][vc_empty_space height=&#8221;64px&#8221;][\/vc_column][\/vc_row][vc_row full_width=&#8221;stretch_row_content&#8221;][vc_column width=&#8221;1\/12&#8243;][\/vc_column][vc_column width=&#8221;5\/12&#8243;][vc_column_text css=&#8221;&#8221;] Muska &amp; Hot Dogs &nbsp; Come enjoy great weather, food and music on Thursday evening, July 23rd at the Pavilion on Juurikkasaari! &nbsp; Muska began her continuing singing career in 1969, at that time she was the only Finnish female rock singer. In the 60s Muska&#8217;s singing career&hellip;<\/p>\n","protected":false},"author":1,"featured_media":0,"parent":0,"menu_order":20,"comment_status":"closed","ping_status":"open","template":"template-microsite.php","meta":{"footnotes":""},"class_list":["post-1423","page","type-page","status-publish","hentry","description-off"],"_links":{"self":[{"href":"https:\/\/www.juurikkasaari.fi\/en\/wp-json\/wp\/v2\/pages\/1423","targetHints":{"allow":["GET"]}}],"collection":[{"href":"https:\/\/www.juurikkasaari.fi\/en\/wp-json\/wp\/v2\/pages"}],"about":[{"href":"https:\/\/www.juurikkasaari.fi\/en\/wp-json\/wp\/v2\/types\/page"}],"author":[{"embeddable":true,"href":"https:\/\/www.juurikkasaari.fi\/en\/wp-json\/wp\/v2\/users\/1"}],"replies":[{"embeddable":true,"href":"https:\/\/www.juurikkasaari.fi\/en\/wp-json\/wp\/v2\/comments?post=1423"}],"version-history":[{"count":1,"href":"https:\/\/www.juurikkasaari.fi\/en\/wp-json\/wp\/v2\/pages\/1423\/revisions"}],"predecessor-version":[{"id":1424,"href":"https:\/\/www.juurikkasaari.fi\/en\/wp-json\/wp\/v2\/pages\/1423\/revisions\/1424"}],"wp:attachment":[{"href":"https:\/\/www.juurikkasaari.fi\/en\/wp-json\/wp\/v2\/media?parent=1423"}],"curies":[{"name":"wp","href":"https:\/\/api.w.org\/{rel}","templated":true}]}}