{"id":1427,"date":"2026-03-24T14:13:44","date_gmt":"2026-03-24T12:13:44","guid":{"rendered":"https:\/\/www.juurikkasaari.fi\/en\/?page_id=1427"},"modified":"2026-03-24T14:27:21","modified_gmt":"2026-03-24T12:27:21","slug":"fiesta-cubana-feat-bomba-buena","status":"publish","type":"page","link":"https:\/\/www.juurikkasaari.fi\/en\/fiesta-cubana-feat-bomba-buena\/","title":{"rendered":"11.7. FIESTA CUBANA Feat. Bomba Buena"},"content":{"rendered":"<div class=\"wpb-content-wrapper\"><p>[vc_row full_width=&#8221;stretch_row_content&#8221;][vc_column][vc_empty_space height=&#8221;64px&#8221;][\/vc_column][\/vc_row][vc_row full_width=&#8221;stretch_row_content&#8221;][vc_column width=&#8221;1\/12&#8243;][\/vc_column][vc_column width=&#8221;5\/12&#8243;][vc_column_text css=&#8221;&#8221;]<\/p>\n<h2 style=\"text-align: center;\"><strong>FIESTA CUBANA Feat. Bomba Buena<\/strong><\/h2>\n<p>&nbsp;<\/p>\n<p style=\"text-align: center;\">When you want Cuba!<\/p>\n<p style=\"text-align: center;\">Come on Saturday, July 11th to enjoy the energy of Cuban rhythms over good food and drinks, and dance your way to heaven or come watch others do it&#8230; there&#8217;s plenty of dancing space and the style is free!<\/p>\n<p>&nbsp;<\/p>\n<p style=\"text-align: center;\"><strong>Schedule:<\/strong><\/p>\n<p style=\"text-align: center;\">1pm-2pm couple salsa beginner lessons<\/p>\n<p style=\"text-align: center;\">2pm-3pm taco -buffet<\/p>\n<p style=\"text-align: center;\">3pm-6pm dj &amp; band &amp; animaci\u00f3nes (joint dance sessions led by a lead dancer)<\/p>\n<p>&nbsp;<\/p>\n<p style=\"text-align: center;\"><strong>Earlybird tickets till<\/strong> 31.3.: 39\u20ac<\/p>\n<p style=\"text-align: center;\"><strong>Tickets from<\/strong>\u00a01.4.: 43\u20ac<\/p>\n<p style=\"text-align: center;\"><strong>Tickets<\/strong> <a href=\"https:\/\/juurikkasaari.johku.com\/fi_FI\/juurikkasaaren-tuotteet-palvelut\/https-www-juurikkasaari-fi-fiesta\">here!<\/a><\/p>\n<p>&nbsp;<\/p>\n<p>&nbsp;<\/p>\n<p style=\"text-align: center;\">An unforgettable summer day on the shores of Lake P\u00e4ij\u00e4nne to the rhythm of energetic Cuban rhythms awaits you!<\/p>\n<p>&nbsp;<\/p>\n<p style=\"text-align: center;\">The event starts with a basic pair salsa lesson, which starts from scratch and is suitable for complete beginners \u2013 everyone can get into the dance steps if they want. During the class, you dance either in pairs or solo, depending on the situation, and you don&#8217;t need a partner.<\/p>\n<p>&nbsp;<\/p>\n<p style=\"text-align: center;\">After the beginner class, you can enjoy a delicious taco buffet with Cuban and other Latin American music.<\/p>\n<p>&nbsp;<\/p>\n<p style=\"text-align: center;\">After the buffet, a DJ and band will heat up the dance floor at Rantapaviljongi, and in small guided dance sessions (animaci\u00f3nes), everyone who wants to can let loose under the guidance of a lead dancer. You can enjoy the atmosphere over refreshing drinks, following the dancers&#8217; enthusiasm, diving into the band&#8217;s amazing interpretations, or throwing yourself into the dance.<\/p>\n<p>&nbsp;<\/p>\n<p style=\"text-align: center;\">The day will be paced by Bomba Buena, a four-piece energy bomb playing Cuban dance music, which is very Helsinki-based at the moment, and whose vibe is equivalent to a full ten-piece timba orchestra! Expect traditional classics adapted for today, as well as stunning versions of the best of modern Cuban dance music.<\/p>\n<p>&nbsp;<\/p>\n<p>&nbsp;<\/p>\n<p style=\"text-align: center;\"><strong>Bomba Buena:<\/strong><\/p>\n<p style=\"text-align: center;\">Yoandy Jimeno \u2013 vocals, percussion<br \/>\nHelena Kallas \u2013 piano, bass, coro<br \/>\nGerardo Hern\u00e1ndez \u2013 tumbadoras, coro<br \/>\nJani Lehtioksa \u2013 bong\u00f3, coro<\/p>\n<p>&nbsp;<\/p>\n<p style=\"text-align: center;\">The official event ends at 6 pm, after which the music and dancing continue. At the end of the dance evening, you can book yourself a sauna session and take a dip in Lake P\u00e4ij\u00e4nne to cool off: 12,50\u20ac\/person.<\/p>\n<p style=\"text-align: center;\">Sauna tickets <a href=\"https:\/\/juurikkasaari.johku.com\/fi_FI\/juurikkasaaren-tuotteet-palvelut\"><em>here!<\/em><\/a><\/p>\n<p>&nbsp;<\/p>\n<p style=\"text-align: center;\">Enjoy the wonderful Caribbean atmosphere, music and dancing in the dance pavilion with a great dance space in the beautiful scenery of the picture on the shore of Lake P\u00e4ij\u00e4nne.<\/p>\n<p>&nbsp;<\/p>\n<p style=\"text-align: center;\">info:<\/p>\n<p style=\"text-align: center;\"><a href=\"https:\/\/www.facebook.com\/events\/juhlatalo-juurikkasaari\/fiesta-cubana-ft-bomba-buena-juurikkasaari\/1431013378761831\/\">Facebook -event<\/a><\/p>\n<p style=\"text-align: center;\">Salsa a la Maria Fb -page<\/p>\n<p>[\/vc_column_text][\/vc_column][vc_column width=&#8221;1\/12&#8243;][\/vc_column][vc_column width=&#8221;1\/3&#8243;][vc_single_image image=&#8221;501&#8243; img_size=&#8221;full&#8221; onclick=&#8221;link_image&#8221; css=&#8221;&#8221;][vc_single_image image=&#8221;1407&#8243; img_size=&#8221;full&#8221; onclick=&#8221;link_image&#8221; css=&#8221;&#8221;][vc_single_image image=&#8221;553&#8243; img_size=&#8221;full&#8221; onclick=&#8221;link_image&#8221; css=&#8221;&#8221;][\/vc_column][vc_column width=&#8221;1\/12&#8243;][\/vc_column][\/vc_row][vc_row full_width=&#8221;stretch_row_content&#8221;][vc_column][vc_empty_space height=&#8221;64px&#8221;][\/vc_column][\/vc_row][vc_row full_width=&#8221;stretch_row_content&#8221;][vc_column][vc_empty_space height=&#8221;64px&#8221;][\/vc_column][\/vc_row][vc_row full_width=&#8221;stretch_row_content&#8221;][vc_column width=&#8221;1\/12&#8243;][\/vc_column][vc_column width=&#8221;5\/12&#8243;][vc_empty_space height=&#8221;64px&#8221;][vc_column_text css=&#8221;&#8221;]<\/p>\n<h3 style=\"text-align: center;\">Getting to the concert<\/h3>\n<p>&nbsp;<\/p>\n<p><strong>By car<\/strong> \u2013 Juurikkasaari can be reached by car in just 20 minutes from the centre of Jyv\u00e4skyl\u00e4. There are a limited number of parking spaces at Juurikkasaari, approximately 150.<\/p>\n<p>&nbsp;<\/p>\n<p><strong>By bus<\/strong> \u2013 Buses no. 16 and 21 run from the centre of Jyv\u00e4skyl\u00e4 to S\u00e4yn\u00e4tsalo and back. We recommend this method of transport to avoid traffic jams.<\/p>\n<p><a href=\"https:\/\/linkki.jyvaskyla.fi\/aikataulut-ja-reitit\/aikataulut\">Bus schedules<\/a><\/p>\n<p>&nbsp;<\/p>\n<p><strong>By boat<\/strong> &#8211; Our guest boat pier accepts visitors arriving via P\u00e4ij\u00e4nne. Please always use a stern buoy (no side moorings) so that as many boaters as possible can moor at the pier.<\/p>\n<p>&nbsp;<\/p>\n<p><strong>By taxi<\/strong> &#8211; Jytaksi transports between Jyv\u00e4skyl\u00e4 city center-Juurikkasaari-Jyv\u00e4skyl\u00e4 city center for a fixed contract price. We will announce prices per direction during this spring. When booking, please mention that it is a Juurikkasaari contract-priced order.[\/vc_column_text][\/vc_column][vc_column width=&#8221;1\/12&#8243;][\/vc_column][vc_column width=&#8221;1\/3&#8243;][vc_empty_space height=&#8221;64px&#8221;][vc_column_text css=&#8221;&#8221;]<iframe loading=\"lazy\" style=\"border: 0;\" src=\"https:\/\/www.google.com\/maps\/embed?pb=!1m18!1m12!1m3!1d45677.134948514766!2d25.728540815520237!3d62.14675163102869!2m3!1f0!2f0!3f0!3m2!1i1024!2i768!4f13.1!3m3!1m2!1s0x468570f450acf67b%3A0x9a292864218d910!2sJuurikantie%205%2C%2040900%20S%C3%A4yn%C3%A4tsalo!5e0!3m2!1sfi!2sfi!4v1762336820990!5m2!1sfi!2sfi\" width=\"100%\" height=\"450\" allowfullscreen=\"allowfullscreen\"><\/iframe>[\/vc_column_text][\/vc_column][vc_column width=&#8221;1\/12&#8243;][\/vc_column][\/vc_row][vc_row full_width=&#8221;stretch_row_content&#8221;][vc_column width=&#8221;1\/12&#8243;][\/vc_column][vc_column width=&#8221;5\/12&#8243;][vc_column_text css=&#8221;&#8221;]<\/p>\n<h3 style=\"text-align: center;\">Accommodation<\/h3>\n<p>&nbsp;<\/p>\n<p style=\"text-align: center;\">Attached are the accommodation offers for the Fiesta Cubana event from July 11th to 12th in Jyv\u00e4skyl\u00e4.<\/p>\n<p style=\"text-align: center;\">Please note that there is another big event in town at that time, which will certainly affect the availability of accommodations. I highly recommend making your own accommodation reservation well in advance. We do not guarantee availability with these codes, but the rooms are openly bookable for other customers as well.<\/p>\n<p>&nbsp;<\/p>\n<p style=\"text-align: center;\">************<\/p>\n<p>&nbsp;<\/p>\n<p style=\"text-align: center;\"><strong>HOTELLI GREENSTAR, Jyv\u00e4skyl\u00e4<\/strong><\/p>\n<p style=\"text-align: center;\">Heikinkatu 3<\/p>\n<p style=\"text-align: center;\">40100 Jyv\u00e4skyl\u00e4<\/p>\n<p style=\"text-align: center;\">Book your accommodation directly from the website <a href=\"https:\/\/l.facebook.com\/l.php?u=http%3A%2F%2Fwww.greenstar.fi%2F%3Ffbclid%3DIwZXh0bgNhZW0CMTAAYnJpZBEwdW1YbUxrd2RPbXB2czNJWXNydGMGYXBwX2lkEDIyMjAzOTE3ODgyMDA4OTIAAR6bZLRJqMix0UqVSo_UL4EqJ7tvkBFOtNNJo1XDJf7A4yMZfdM6AXGnhfdb9g_aem_8rNmrKQPkFW0gfnb6nWL-Q&amp;h=AT6Hi3suDpprBoHunHccO2bgeKD7Jdi5szaFQHIKxD1p2yH05PUaABT6pDMDAs-ELfvkD6hzv0iQlBQ3DvjEoHXiT0cH4NlEh_cKxBNnWBm5qxG8FVbKNUskNqiEth6EaWnQoGVJVRxyHN9eXIK5N9p5Q9rg8Rixn-4&amp;__tn__=-UK-R&amp;c%5b0%5d=AT4S3pZynuyGoB7sMNDLW2l0fdfVg8nv9AJ1ynQMwU7oEjCS5XVQBLVMIdIEXWzA9zXzmFakZX5yapVx1VdgAbcfeR_Q6ukRnlw0ru0Yokcjrn_ksXgbJUGy1BOpAQLpJ2ctXoUv9wLqImKdhP3Rm8ClCcg_rYVnVBGSZCobiUfY1ZAAhu8\" data-saferedirecturl=\"https:\/\/www.google.com\/url?q=https:\/\/l.facebook.com\/l.php?u%3Dhttp%253A%252F%252Fwww.greenstar.fi%252F%253Ffbclid%253DIwZXh0bgNhZW0CMTAAYnJpZBEwdW1YbUxrd2RPbXB2czNJWXNydGMGYXBwX2lkEDIyMjAzOTE3ODgyMDA4OTIAAR6bZLRJqMix0UqVSo_UL4EqJ7tvkBFOtNNJo1XDJf7A4yMZfdM6AXGnhfdb9g_aem_8rNmrKQPkFW0gfnb6nWL-Q%26h%3DAT6Hi3suDpprBoHunHccO2bgeKD7Jdi5szaFQHIKxD1p2yH05PUaABT6pDMDAs-ELfvkD6hzv0iQlBQ3DvjEoHXiT0cH4NlEh_cKxBNnWBm5qxG8FVbKNUskNqiEth6EaWnQoGVJVRxyHN9eXIK5N9p5Q9rg8Rixn-4%26__tn__%3D-UK-R%26c%255b0%255d%3DAT4S3pZynuyGoB7sMNDLW2l0fdfVg8nv9AJ1ynQMwU7oEjCS5XVQBLVMIdIEXWzA9zXzmFakZX5yapVx1VdgAbcfeR_Q6ukRnlw0ru0Yokcjrn_ksXgbJUGy1BOpAQLpJ2ctXoUv9wLqImKdhP3Rm8ClCcg_rYVnVBGSZCobiUfY1ZAAhu8&amp;source=gmail&amp;ust=1773222580227000&amp;usg=AOvVaw3-XLejafCV_PEyxlC_RAys\"><strong>www.greenstar.fi<\/strong><\/a><\/p>\n<p style=\"text-align: center;\">The discount code is: GREEN10.<\/p>\n<p style=\"text-align: center;\"><a href=\"https:\/\/www.greenstar.fi\/hotellit\/jyvaskyla\/?fbclid=IwZXh0bgNhZW0CMTAAYnJpZBEwdW1YbUxrd2RPbXB2czNJWXNydGMGYXBwX2lkEDIyMjAzOTE3ODgyMDA4OTIAAR4gXIaysSiFZPYWCFXlLDrcsf2WmRtHTaoViLdRkPwHHXmug94aMz9wGsMSWA_aem_YGIu1SElC4Y-XyDBbclQYQ\" data-saferedirecturl=\"https:\/\/www.google.com\/url?q=https:\/\/www.greenstar.fi\/hotellit\/jyvaskyla\/?fbclid%3DIwZXh0bgNhZW0CMTAAYnJpZBEwdW1YbUxrd2RPbXB2czNJWXNydGMGYXBwX2lkEDIyMjAzOTE3ODgyMDA4OTIAAR4gXIaysSiFZPYWCFXlLDrcsf2WmRtHTaoViLdRkPwHHXmug94aMz9wGsMSWA_aem_YGIu1SElC4Y-XyDBbclQYQ&amp;source=gmail&amp;ust=1773222580227000&amp;usg=AOvVaw19k_LBdU_h22pS_Jrjl__Q\"><strong>https:\/\/www.greenstar.fi\/hotellit\/jyvaskyla\/<\/strong><\/a><\/p>\n<p style=\"text-align: center;\">Use this code to get 10% off the lowest room rate of the day.<\/p>\n<p>&nbsp;<\/p>\n<p style=\"text-align: center;\">************<\/p>\n<p>&nbsp;<\/p>\n<p style=\"text-align: center;\"><strong>TIME TO STAY HOTELLI, Hostelli sek\u00e4<\/strong><strong>\u00a0Appartments<\/strong><\/p>\n<p style=\"text-align: center;\">(addresses below)<\/p>\n<p style=\"text-align: center;\">Discount code -10%: oxvrem<\/p>\n<p style=\"text-align: center;\">Special offer -25% discount code if you book accommodation directly from the Time to Stay website <a href=\"https:\/\/l.facebook.com\/l.php?u=https%3A%2F%2Fwww.timetostay.fi%2F%3Ffbclid%3DIwZXh0bgNhZW0CMTAAYnJpZBEwdW1YbUxrd2RPbXB2czNJWXNydGMGYXBwX2lkEDIyMjAzOTE3ODgyMDA4OTIAAR7W0skY2SHCz4CUehBoZ-g5tZ5-ZSY3VeTeNYA4lLgXwJN4YqTgHqHDmQ_XJw_aem_flojF3Vh6E7ziR-jeAme6A&amp;h=AT7WHdNQYLfDcaxWbUF_mAxtxvdLfcJwo9GXR25mKugzyZV2_lArlgvveEqMNoLNbaRm2Krab7NEGtkbbVxCfCGzQ95TzOzhLGw_bQ51_4fI9_Ea6cg3NbrXzICjTu34RVyILQzYKzxr6mtJdWlRNjzJe7ecKaOKZVk&amp;__tn__=-UK-R&amp;c%5b0%5d=AT4S3pZynuyGoB7sMNDLW2l0fdfVg8nv9AJ1ynQMwU7oEjCS5XVQBLVMIdIEXWzA9zXzmFakZX5yapVx1VdgAbcfeR_Q6ukRnlw0ru0Yokcjrn_ksXgbJUGy1BOpAQLpJ2ctXoUv9wLqImKdhP3Rm8ClCcg_rYVnVBGSZCobiUfY1ZAAhu8\" data-saferedirecturl=\"https:\/\/www.google.com\/url?q=https:\/\/l.facebook.com\/l.php?u%3Dhttps%253A%252F%252Fwww.timetostay.fi%252F%253Ffbclid%253DIwZXh0bgNhZW0CMTAAYnJpZBEwdW1YbUxrd2RPbXB2czNJWXNydGMGYXBwX2lkEDIyMjAzOTE3ODgyMDA4OTIAAR7W0skY2SHCz4CUehBoZ-g5tZ5-ZSY3VeTeNYA4lLgXwJN4YqTgHqHDmQ_XJw_aem_flojF3Vh6E7ziR-jeAme6A%26h%3DAT7WHdNQYLfDcaxWbUF_mAxtxvdLfcJwo9GXR25mKugzyZV2_lArlgvveEqMNoLNbaRm2Krab7NEGtkbbVxCfCGzQ95TzOzhLGw_bQ51_4fI9_Ea6cg3NbrXzICjTu34RVyILQzYKzxr6mtJdWlRNjzJe7ecKaOKZVk%26__tn__%3D-UK-R%26c%255b0%255d%3DAT4S3pZynuyGoB7sMNDLW2l0fdfVg8nv9AJ1ynQMwU7oEjCS5XVQBLVMIdIEXWzA9zXzmFakZX5yapVx1VdgAbcfeR_Q6ukRnlw0ru0Yokcjrn_ksXgbJUGy1BOpAQLpJ2ctXoUv9wLqImKdhP3Rm8ClCcg_rYVnVBGSZCobiUfY1ZAAhu8&amp;source=gmail&amp;ust=1773222580227000&amp;usg=AOvVaw3H0BuJqBQValQrd0LH8GB-\"><strong>https:\/\/www.timetostay.fi<\/strong><\/a> By 12.5. The code is: ep1172026<\/p>\n<p style=\"text-align: center;\">20% of the accommodation must be paid at the time of booking and the remainder is due 14 days before check-in.<\/p>\n<p>&nbsp;<\/p>\n<p style=\"text-align: center;\"><strong>Time to Stay Hotelli<\/strong> (Jyv\u00e4skyl\u00e4 city center):<\/p>\n<p style=\"text-align: center;\">Vapaudenkatu 26b<\/p>\n<p style=\"text-align: center;\">(The hotel has a shared kitchen.)<\/p>\n<p>&nbsp;<\/p>\n<p style=\"text-align: center;\"><strong>Time to Stay Hostelli<\/strong> (Jyv\u00e4skyl\u00e4 city center)<\/p>\n<p style=\"text-align: center;\">Vaasankatu 29<\/p>\n<p>&nbsp;<\/p>\n<p style=\"text-align: center;\"><strong>Time to Stay Hostelli<\/strong> (further from the center behind the hospital)<\/p>\n<p style=\"text-align: center;\">Hoitajantie 4<\/p>\n<p style=\"text-align: center;\">(Hostels do not have private bathrooms in the rooms.)<\/p>\n<p>&nbsp;<\/p>\n<p style=\"text-align: center;\"><strong>Time to Stay apartments <\/strong><\/p>\n<p style=\"text-align: center;\">Vaasankatu 29 (city center)<\/p>\n<p style=\"text-align: center;\">Ylist\u00f6nm\u00e4entie 33 (across the lake from the city center)<\/p>\n<p>\u00a0[\/vc_column_text][\/vc_column][vc_column width=&#8221;1\/12&#8243;][\/vc_column][vc_column width=&#8221;1\/3&#8243;][vc_single_image image=&#8221;511&#8243; img_size=&#8221;full&#8221; onclick=&#8221;link_image&#8221; css=&#8221;&#8221;][vc_single_image image=&#8221;433&#8243; img_size=&#8221;full&#8221; onclick=&#8221;link_image&#8221; css=&#8221;&#8221;][\/vc_column][vc_column width=&#8221;1\/12&#8243;][\/vc_column][\/vc_row][vc_row full_width=&#8221;stretch_row_content&#8221;][vc_column][vc_empty_space height=&#8221;64px&#8221;][\/vc_column][\/vc_row][vc_row full_width=&#8221;stretch_row_content&#8221;][vc_column][vc_empty_space height=&#8221;64px&#8221;][\/vc_column][\/vc_row]<\/p>\n<\/div>","protected":false},"excerpt":{"rendered":"<p>[vc_row full_width=&#8221;stretch_row_content&#8221;][vc_column][vc_empty_space height=&#8221;64px&#8221;][\/vc_column][\/vc_row][vc_row full_width=&#8221;stretch_row_content&#8221;][vc_column width=&#8221;1\/12&#8243;][\/vc_column][vc_column width=&#8221;5\/12&#8243;][vc_column_text css=&#8221;&#8221;] FIESTA CUBANA Feat. Bomba Buena &nbsp; When you want Cuba! Come on Saturday, July 11th to enjoy the energy of Cuban rhythms over good food and drinks, and dance your way to heaven or come watch others do it&#8230; there&#8217;s plenty of dancing space and the style is&hellip;<\/p>\n","protected":false},"author":1,"featured_media":0,"parent":0,"menu_order":20,"comment_status":"closed","ping_status":"open","template":"template-microsite.php","meta":{"footnotes":""},"class_list":["post-1427","page","type-page","status-publish","hentry","description-off"],"_links":{"self":[{"href":"https:\/\/www.juurikkasaari.fi\/en\/wp-json\/wp\/v2\/pages\/1427","targetHints":{"allow":["GET"]}}],"collection":[{"href":"https:\/\/www.juurikkasaari.fi\/en\/wp-json\/wp\/v2\/pages"}],"about":[{"href":"https:\/\/www.juurikkasaari.fi\/en\/wp-json\/wp\/v2\/types\/page"}],"author":[{"embeddable":true,"href":"https:\/\/www.juurikkasaari.fi\/en\/wp-json\/wp\/v2\/users\/1"}],"replies":[{"embeddable":true,"href":"https:\/\/www.juurikkasaari.fi\/en\/wp-json\/wp\/v2\/comments?post=1427"}],"version-history":[{"count":4,"href":"https:\/\/www.juurikkasaari.fi\/en\/wp-json\/wp\/v2\/pages\/1427\/revisions"}],"predecessor-version":[{"id":1431,"href":"https:\/\/www.juurikkasaari.fi\/en\/wp-json\/wp\/v2\/pages\/1427\/revisions\/1431"}],"wp:attachment":[{"href":"https:\/\/www.juurikkasaari.fi\/en\/wp-json\/wp\/v2\/media?parent=1427"}],"curies":[{"name":"wp","href":"https:\/\/api.w.org\/{rel}","templated":true}]}}