{"id":2,"date":"2025-11-04T19:32:33","date_gmt":"2025-11-04T17:32:33","guid":{"rendered":"https:\/\/www.juurikkasaari.fi\/en\/?page_id=2"},"modified":"2026-05-07T10:00:11","modified_gmt":"2026-05-07T07:00:11","slug":"esimerkkisivu","status":"publish","type":"page","link":"https:\/\/www.juurikkasaari.fi\/en\/","title":{"rendered":"Frontpage"},"content":{"rendered":"<div class=\"wpb-content-wrapper\"><p>[vc_row][vc_column][vc_column_text css=&#8221;&#8221;]<\/p>\n<h3 style=\"text-align: center;\">Juurikkasaari invites you to relax and celebrate \u2013 all year round!<\/h3>\n<p style=\"text-align: center;\">Located on the shores of northern Lake P\u00e4ij\u00e4nne, surrounded by gentle waves and beautiful nature, Juurikkasaari is a full-service venue for events and celebrations, just outside Jyv\u00e4skyl\u00e4. With over 20 years of experience, we organize all occasions with joy and heartfelt service. Delicious, diverse food and personalized service tailored to your needs are our pride and passion.<\/p>\n<p style=\"text-align: center;\">Our tasty lunch buffet is served year-round, and you can enjoy weekly public sauna sessions followed by a refreshing swim. In the summer, the lakeside terrace and grill offer mouthwatering barbecue dishes, refreshments and sweet treats.<\/p>\n<p style=\"text-align: center;\">In the summer Juurikkasaari\u2019s summer stage comes alive with top-tier artists, live bands and even stand-up comedy.<\/p>\n<p style=\"text-align: center;\"><strong>We&#8217;re open all year \u2013 welcome to Juurikkasaari!<\/strong><\/p>\n<p>[\/vc_column_text][\/vc_column][\/vc_row][vc_row full_width=&#8221;stretch_row_content&#8221; content_placement=&#8221;middle&#8221;][vc_column width=&#8221;1\/2&#8243;][vc_single_image image=&#8221;22&#8243; img_size=&#8221;full&#8221; onclick=&#8221;link_image&#8221; css=&#8221;&#8221;][\/vc_column][vc_column width=&#8221;1\/2&#8243;][vc_column_text css=&#8221;&#8221;]<\/p>\n<h3 style=\"text-align: center;\">What\u2019s up at Juurikkasaari<\/h3>\n<p style=\"text-align: center;\">***<\/p>\n<p style=\"text-align: center;\">Beach bar and grill opens 14.5.<\/p>\n<p style=\"text-align: center;\">***<\/p>\n<p style=\"text-align: center;\">Lunch buffet from Monday to Friday from 11am to 2.30pm. <a href=\"https:\/\/www.juurikkasaari.fi\/en\/lunch-menu\/\"><em>This week&#8217;s lunch menu<\/em><\/a><\/p>\n<p style=\"text-align: center;\">***<\/p>\n<p style=\"text-align: center;\">The lakeside sauna is open every Wednesday. <a href=\"https:\/\/www.juurikkasaari.fi\/en\/services\/lakeside-sauna\/\"><em>More info here!<\/em><\/a><\/p>\n<p style=\"text-align: center;\">***<\/p>\n<p>&nbsp;<\/p>\n<p style=\"text-align: center;\"><strong>Welcome to Juurikkasaari!<\/strong><\/p>\n<p>[\/vc_column_text][vc_btn title=&#8221;Event calendar&#8221; style=&#8221;outline&#8221; color=&#8221;mulled-wine&#8221; size=&#8221;lg&#8221; align=&#8221;center&#8221; css=&#8221;&#8221; link=&#8221;url:https%3A%2F%2Fwww.juurikkasaari.fi%2Fen%2Fevent-calendar&#8221;][\/vc_column][\/vc_row][vc_row full_width=&#8221;stretch_row_content&#8221; content_placement=&#8221;middle&#8221;][vc_column width=&#8221;1\/2&#8243;][vc_single_image image=&#8221;1349&#8243; img_size=&#8221;full&#8221; onclick=&#8221;link_image&#8221; css=&#8221;&#8221;][\/vc_column][vc_column width=&#8221;1\/2&#8243;][vc_column_text css=&#8221;&#8221;]<\/p>\n<h3 style=\"text-align: center;\">\u00a0Welcome to celebrate Mother&#8217;s Day with a delicious brunch to Juurikkasaari!<\/h3>\n<p>&nbsp;<\/p>\n<p style=\"text-align: center;\">Menu price is 51,50\u20ac\/person and includes the entire delicious menu.<\/p>\n<p style=\"text-align: center;\">Kids 5-12y 22\u20ac \/person and kids under 5y 2\u20ac per year of age.<\/p>\n<p>&nbsp;<\/p>\n<p style=\"text-align: center;\">Foods for special diets and allergies only upon request. Lactose-free and gluten-free included in the price.<\/p>\n<p>[\/vc_column_text][vc_btn title=&#8221;See menu here!&#8221; style=&#8221;outline&#8221; color=&#8221;mulled-wine&#8221; size=&#8221;lg&#8221; align=&#8221;center&#8221; css=&#8221;&#8221; link=&#8221;url:https%3A%2F%2Fwww.juurikkasaari.fi%2Fen%2Fmothers-day-brunch%2F&#8221;][\/vc_column][\/vc_row][vc_row full_width=&#8221;stretch_row_content&#8221; content_placement=&#8221;middle&#8221;][vc_column width=&#8221;1\/2&#8243;][vc_single_image image=&#8221;477&#8243; img_size=&#8221;full&#8221; onclick=&#8221;link_image&#8221; css=&#8221;&#8221;][\/vc_column][vc_column width=&#8221;1\/2&#8243;][vc_column_text css=&#8221;&#8221;]<\/p>\n<h3 style=\"text-align: center;\">Sauna &amp; swimming all year round<\/h3>\n<p>&nbsp;<\/p>\n<p style=\"text-align: center;\">Welcome to experience authentic Finnish sauna by the shores of Lake P\u00e4ij\u00e4nne! Join our public sauna sessions and unwind in a beautiful lakeside setting. Juurikkasaari offers a traditional lakeside sauna, heated weekly all year round, and a unique glass-walled igloo sauna raft, available during the summer season. Come and relax, enjoy the moment, and take part in this cherished Finnish tradition.<\/p>\n<p>&nbsp;<\/p>\n<p style=\"text-align: center;\"><strong>Check the sauna schedule here and treat yourself to a truly Finnish experience. You can purchase the sauna tickets on site or in advance here. Welcome!<\/strong><\/p>\n<p>[\/vc_column_text][vc_btn title=&#8221;Sauna information&#8221; style=&#8221;outline&#8221; color=&#8221;mulled-wine&#8221; size=&#8221;lg&#8221; align=&#8221;center&#8221; css=&#8221;&#8221; link=&#8221;url:https%3A%2F%2Fwww.juurikkasaari.fi%2Fen%2Fservices%2Fsauna&#8221;][\/vc_column][\/vc_row][vc_row full_width=&#8221;stretch_row_content&#8221; content_placement=&#8221;middle&#8221;][vc_column width=&#8221;1\/2&#8243;][vc_column_text css=&#8221;&#8221;]<\/p>\n<h3 style=\"text-align: center;\">Orders &amp; Catering:<\/h3>\n<p style=\"text-align: center;\"><strong>Juurikka Catering Oy<\/strong><br \/>\nJuurikantie 5<br \/>\n40900 S\u00e4yn\u00e4tsalo (Jyv\u00e4skyl\u00e4, Finland)<br \/>\nVAT-ID: 2873530-8<br \/>\nemail. <a href=\"mailto:myynti@juurikkacatering.fi\">myynti@juurikkacatering.fi<\/a><br \/>\ntel. <a href=\"tel:+358505957470\">+358 50 595 7470<\/a> \/ Pasi<\/p>\n<p>&nbsp;<\/p>\n<h3 style=\"text-align: center;\">Arriving to Juurikkasaari<\/h3>\n<p style=\"text-align: center;\">Juurikkasaari is located just a 20-minute drive from the centre of Jyv\u00e4skyl\u00e4. You can also reach us easily by bus (lines 16 and 21), by bike, or even by boat.<\/p>\n<p>[\/vc_column_text][vc_btn title=&#8221;Contact us for more information&#8221; style=&#8221;outline&#8221; color=&#8221;mulled-wine&#8221; size=&#8221;lg&#8221; align=&#8221;center&#8221; css=&#8221;&#8221; link=&#8221;url:https%3A%2F%2Fwww.juurikkasaari.fi%2Fen%2Fcompany%2Fcontact-information&#8221;][\/vc_column][vc_column width=&#8221;1\/2&#8243;][vc_column_text css=&#8221;&#8221;]<iframe loading=\"lazy\" style=\"border: 0;\" src=\"https:\/\/www.google.com\/maps\/embed?pb=!1m18!1m12!1m3!1d45677.134948514766!2d25.728540815520237!3d62.14675163102869!2m3!1f0!2f0!3f0!3m2!1i1024!2i768!4f13.1!3m3!1m2!1s0x468570f450acf67b%3A0x9a292864218d910!2sJuurikantie%205%2C%2040900%20S%C3%A4yn%C3%A4tsalo!5e0!3m2!1sfi!2sfi!4v1762336820990!5m2!1sfi!2sfi\" width=\"100%\" height=\"450\" allowfullscreen=\"allowfullscreen\"><\/iframe>[\/vc_column_text][\/vc_column][\/vc_row][vc_row full_width=&#8221;stretch_row_content&#8221;][vc_column][vc_column_text css=&#8221;&#8221;]<\/p>\n<h3 style=\"text-align: center;\">Follow is in social media &gt;&gt; <a href=\"https:\/\/www.facebook.com\/juurikkasaari\" target=\"_blank\" rel=\"noopener\">Facebook<\/a> &amp;\u00a0<a href=\"https:\/\/www.instagram.com\/juurikkasaari\" target=\"_blank\" rel=\"noopener\">Instagram<\/a>!<\/h3>\n<p>[\/vc_column_text][\/vc_column][\/vc_row][vc_row full_width=&#8221;stretch_row_content&#8221;][vc_column width=&#8221;1\/5&#8243;][vc_single_image image=&#8221;39&#8243; img_size=&#8221;full&#8221; onclick=&#8221;link_image&#8221; css=&#8221;&#8221;][\/vc_column][vc_column width=&#8221;1\/5&#8243;][vc_single_image image=&#8221;40&#8243; img_size=&#8221;full&#8221; onclick=&#8221;link_image&#8221; css=&#8221;&#8221;][\/vc_column][vc_column width=&#8221;1\/5&#8243;][vc_single_image image=&#8221;67&#8243; img_size=&#8221;full&#8221; onclick=&#8221;link_image&#8221; css=&#8221;&#8221;][\/vc_column][vc_column width=&#8221;1\/5&#8243;][vc_single_image image=&#8221;69&#8243; img_size=&#8221;full&#8221; alignment=&#8221;center&#8221; onclick=&#8221;link_image&#8221; css=&#8221;&#8221;][\/vc_column][vc_column width=&#8221;1\/5&#8243;][vc_single_image image=&#8221;70&#8243; img_size=&#8221;full&#8221; alignment=&#8221;center&#8221; onclick=&#8221;link_image&#8221; css=&#8221;&#8221;][\/vc_column][\/vc_row]<\/p>\n<\/div>","protected":false},"excerpt":{"rendered":"<p>[vc_row][vc_column][vc_column_text css=&#8221;&#8221;] Juurikkasaari invites you to relax and celebrate \u2013 all year round! Located on the shores of northern Lake P\u00e4ij\u00e4nne, surrounded by gentle waves and beautiful nature, Juurikkasaari is a full-service venue for events and celebrations, just outside Jyv\u00e4skyl\u00e4. With over 20 years of experience, we organize all occasions with joy and heartfelt service.&hellip;<\/p>\n","protected":false},"author":1,"featured_media":0,"parent":0,"menu_order":0,"comment_status":"closed","ping_status":"open","template":"template-microsite.php","meta":{"footnotes":""},"class_list":["post-2","page","type-page","status-publish","hentry","description-off"],"_links":{"self":[{"href":"https:\/\/www.juurikkasaari.fi\/en\/wp-json\/wp\/v2\/pages\/2","targetHints":{"allow":["GET"]}}],"collection":[{"href":"https:\/\/www.juurikkasaari.fi\/en\/wp-json\/wp\/v2\/pages"}],"about":[{"href":"https:\/\/www.juurikkasaari.fi\/en\/wp-json\/wp\/v2\/types\/page"}],"author":[{"embeddable":true,"href":"https:\/\/www.juurikkasaari.fi\/en\/wp-json\/wp\/v2\/users\/1"}],"replies":[{"embeddable":true,"href":"https:\/\/www.juurikkasaari.fi\/en\/wp-json\/wp\/v2\/comments?post=2"}],"version-history":[{"count":75,"href":"https:\/\/www.juurikkasaari.fi\/en\/wp-json\/wp\/v2\/pages\/2\/revisions"}],"predecessor-version":[{"id":1477,"href":"https:\/\/www.juurikkasaari.fi\/en\/wp-json\/wp\/v2\/pages\/2\/revisions\/1477"}],"wp:attachment":[{"href":"https:\/\/www.juurikkasaari.fi\/en\/wp-json\/wp\/v2\/media?parent=2"}],"curies":[{"name":"wp","href":"https:\/\/api.w.org\/{rel}","templated":true}]}}