{"id":374,"date":"2025-11-05T20:17:25","date_gmt":"2025-11-05T18:17:25","guid":{"rendered":"https:\/\/www.juurikkasaari.fi\/en\/?page_id=374"},"modified":"2026-04-18T10:32:52","modified_gmt":"2026-04-18T07:32:52","slug":"contact-information","status":"publish","type":"page","link":"https:\/\/www.juurikkasaari.fi\/en\/company\/contact-information\/","title":{"rendered":"Contact information"},"content":{"rendered":"<div class=\"wpb-content-wrapper\"><p>[vc_row full_width=&#8221;stretch_row_content&#8221;][vc_column width=&#8221;1\/6&#8243;][\/vc_column][vc_column width=&#8221;2\/6&#8243;][vc_column_text css=&#8221;&#8221;]<\/p>\n<h3>Contact us and ask for more information<\/h3>\n<p><strong>Juurikka Catering Oy<\/strong><br \/>\nJuurikantie 5<br \/>\n40900 S\u00e4yn\u00e4tsalo (Jyv\u00e4skyl\u00e4, Finland)<br \/>\nVAT-ID: FI2873530-8<\/p>\n<p><strong>Reservations and orders:<\/strong><br \/>\nPasi Keinonen<br \/>\ntel. <a href=\"tel:+358505957470\">+358505957470<\/a><br \/>\nemail. <a href=\"mailto:myynti@juurikkacatering.fi\">myynti@juurikkacatering.fi<\/a><\/p>\n<p><strong>Marketing, kitchen, events<\/strong><br \/>\nSirpa Pii-Keinonen<br \/>\ntel. <a href=\"tel:+358503616009\">+358 50 361 6009<\/a><br \/>\nemail. <a href=\"mailto:sirpa@juurikkacatering.fi\">sirpa@juurikkacatering.fi<\/a><\/p>\n<p><strong>Restaurant manager, Rantabaari, customer service in English.<\/strong><br \/>\nEric Keinonen<br \/>\ntel. <a href=\"tel:+358458728008\">+358 45 872 8008<\/a><br \/>\nemail. <a href=\"mailto:sales@juurikkacatering.fi\">sales@juurikkacatering.fi<\/a><\/p>\n<p>Please see arrival instructions <a href=\"https:\/\/www.juurikkasaari.fi\/en\/arriving-to-juurikkasaari\">here<\/a>.[\/vc_column_text][vc_column_text css=&#8221;&#8221;]<\/p>\n<h3>Billing addresses:<\/h3>\n<p><strong>Online billing address:<\/strong><br \/>\n&#8211; Operator: OpenText<br \/>\n&#8211; Intermediary: 003708599126<br \/>\n&#8211; ID: 003728735308<br \/>\n&#8211; Address: <a href=\"mailto:fennoa.509974@erin.posti.com\">fennoa.509974@erin.posti.com<\/a><\/p>\n<p>For invoices sent by email, please send the invoice and its attachments as on PDF file.<\/p>\n<p>Postal billing address: Juurikka Catering Oy PL 53363 01051 INVOICES<\/p>\n<p>NOTE! Only invoices can be sent to the post-box address, and it cannot be used for delivering goods or sending advertisements etc![\/vc_column_text]<style type=\"text\/css\" data-type=\"the7_shortcodes-inline-css\">.dt-shortcode-soc-icons.soc-icons-6d3d70cdad80c3022dac88b2b035272f a {\n  margin-right: 4px;\n}\n.dt-shortcode-soc-icons a.soc-icons-6d3d70cdad80c3022dac88b2b035272f {\n  margin-right: 4px;\n}\n.dt-shortcode-soc-icons a.soc-icons-6d3d70cdad80c3022dac88b2b035272f:last-child {\n  margin-right: 0;\n}\n.dt-shortcode-soc-icons a.soc-icons-6d3d70cdad80c3022dac88b2b035272f:before,\n.dt-shortcode-soc-icons a.soc-icons-6d3d70cdad80c3022dac88b2b035272f:after {\n  padding: inherit;\n}\n.dt-shortcode-soc-icons a.soc-icons-6d3d70cdad80c3022dac88b2b035272f.dt-icon-border-on:before {\n  border:  solid ;\n}\n.dt-shortcode-soc-icons a.soc-icons-6d3d70cdad80c3022dac88b2b035272f.dt-icon-hover-border-on:after {\n  border:  solid ;\n}<\/style><div class=\"dt-shortcode-soc-icons  soc-icons-6d3d70cdad80c3022dac88b2b035272f soc-icons-center \" ><style type=\"text\/css\" data-type=\"the7_shortcodes-inline-css\">.dt-shortcode-soc-icons a.single-soc-icon-2461798936895f44bbbd353b658a4e6e {\n  min-width: 40px;\n  min-height: 40px;\n  font-size: 30px;\n  border-radius: 100px;\n}\n.dt-shortcode-soc-icons a.single-soc-icon-2461798936895f44bbbd353b658a4e6e:last-child {\n  margin-right: 0;\n}\n.dt-shortcode-soc-icons a.single-soc-icon-2461798936895f44bbbd353b658a4e6e:before,\n.dt-shortcode-soc-icons a.single-soc-icon-2461798936895f44bbbd353b658a4e6e:after {\n  min-width: 40px;\n  min-height: 40px;\n  padding: inherit;\n}\n.dt-shortcode-soc-icons a.single-soc-icon-2461798936895f44bbbd353b658a4e6e.dt-icon-border-on:before {\n  border: 0px solid ;\n}\n.dt-shortcode-soc-icons a.single-soc-icon-2461798936895f44bbbd353b658a4e6e.dt-icon-hover-border-on:after {\n  border: 0px solid ;\n}\n.dt-shortcode-soc-icons a.single-soc-icon-2461798936895f44bbbd353b658a4e6e:hover {\n  font-size: 30px;\n}\n#page .dt-shortcode-soc-icons a.single-soc-icon-2461798936895f44bbbd353b658a4e6e:hover .soc-font-icon,\n#phantom .dt-shortcode-soc-icons a.single-soc-icon-2461798936895f44bbbd353b658a4e6e:hover .soc-font-icon,\n#page .dt-shortcode-soc-icons a.single-soc-icon-2461798936895f44bbbd353b658a4e6e:hover .soc-icon,\n#phantom .dt-shortcode-soc-icons a.single-soc-icon-2461798936895f44bbbd353b658a4e6e:hover .soc-icon {\n  color: rgba(255,255,255,0.75);\n  background: none;\n}\n#page .dt-shortcode-soc-icons a.single-soc-icon-2461798936895f44bbbd353b658a4e6e:not(:hover) .soc-font-icon,\n#phantom .dt-shortcode-soc-icons a.single-soc-icon-2461798936895f44bbbd353b658a4e6e:not(:hover) .soc-font-icon,\n#page .dt-shortcode-soc-icons a.single-soc-icon-2461798936895f44bbbd353b658a4e6e:not(:hover) .soc-icon,\n#phantom .dt-shortcode-soc-icons a.single-soc-icon-2461798936895f44bbbd353b658a4e6e:not(:hover) .soc-icon {\n  color: #ffffff;\n  background: none;\n}\n.dt-shortcode-soc-icons a.single-soc-icon-2461798936895f44bbbd353b658a4e6e .soc-font-icon,\n.dt-shortcode-soc-icons a.single-soc-icon-2461798936895f44bbbd353b658a4e6e .soc-icon {\n  font-size: 30px;\n}<\/style><a title=\"Instagram\" href=\"https:\/\/www.instagram.com\/juurikkasaari\" target=\"_blank\" class=\"instagram single-soc-icon-2461798936895f44bbbd353b658a4e6e dt-icon-bg-on dt-icon-border-on dt-icon-hover-border-on dt-icon-hover-bg-on\"><i class=\"soc-icon soc-font-icon dt-icon-instagram\"><\/i><span class=\"screen-reader-text\">Instagram<\/span><\/a><style type=\"text\/css\" data-type=\"the7_shortcodes-inline-css\">.dt-shortcode-soc-icons a.single-soc-icon-7245205738a77aa65ec5f1c122fe9fcf {\n  min-width: 40px;\n  min-height: 40px;\n  font-size: 30px;\n  border-radius: 100px;\n}\n.dt-shortcode-soc-icons a.single-soc-icon-7245205738a77aa65ec5f1c122fe9fcf:last-child {\n  margin-right: 0;\n}\n.dt-shortcode-soc-icons a.single-soc-icon-7245205738a77aa65ec5f1c122fe9fcf:before,\n.dt-shortcode-soc-icons a.single-soc-icon-7245205738a77aa65ec5f1c122fe9fcf:after {\n  min-width: 40px;\n  min-height: 40px;\n  padding: inherit;\n}\n.dt-shortcode-soc-icons a.single-soc-icon-7245205738a77aa65ec5f1c122fe9fcf.dt-icon-border-on:before {\n  border: 0px solid ;\n}\n.dt-shortcode-soc-icons a.single-soc-icon-7245205738a77aa65ec5f1c122fe9fcf.dt-icon-hover-border-on:after {\n  border: 0px solid ;\n}\n.dt-shortcode-soc-icons a.single-soc-icon-7245205738a77aa65ec5f1c122fe9fcf:hover {\n  font-size: 30px;\n}\n#page .dt-shortcode-soc-icons a.single-soc-icon-7245205738a77aa65ec5f1c122fe9fcf:hover .soc-font-icon,\n#phantom .dt-shortcode-soc-icons a.single-soc-icon-7245205738a77aa65ec5f1c122fe9fcf:hover .soc-font-icon,\n#page .dt-shortcode-soc-icons a.single-soc-icon-7245205738a77aa65ec5f1c122fe9fcf:hover .soc-icon,\n#phantom .dt-shortcode-soc-icons a.single-soc-icon-7245205738a77aa65ec5f1c122fe9fcf:hover .soc-icon {\n  color: rgba(255,255,255,0.75);\n  background: none;\n}\n#page .dt-shortcode-soc-icons a.single-soc-icon-7245205738a77aa65ec5f1c122fe9fcf:not(:hover) .soc-font-icon,\n#phantom .dt-shortcode-soc-icons a.single-soc-icon-7245205738a77aa65ec5f1c122fe9fcf:not(:hover) .soc-font-icon,\n#page .dt-shortcode-soc-icons a.single-soc-icon-7245205738a77aa65ec5f1c122fe9fcf:not(:hover) .soc-icon,\n#phantom .dt-shortcode-soc-icons a.single-soc-icon-7245205738a77aa65ec5f1c122fe9fcf:not(:hover) .soc-icon {\n  color: #ffffff;\n  background: none;\n}\n.dt-shortcode-soc-icons a.single-soc-icon-7245205738a77aa65ec5f1c122fe9fcf .soc-font-icon,\n.dt-shortcode-soc-icons a.single-soc-icon-7245205738a77aa65ec5f1c122fe9fcf .soc-icon {\n  font-size: 30px;\n}<\/style><a title=\"Facebook\" href=\"https:\/\/www.facebook.com\/juurikkasaari\" target=\"_blank\" class=\"facebook single-soc-icon-7245205738a77aa65ec5f1c122fe9fcf dt-icon-bg-on dt-icon-border-on dt-icon-hover-border-on dt-icon-hover-bg-on\"><i class=\"soc-icon soc-font-icon dt-icon-facebook\"><\/i><span class=\"screen-reader-text\">Facebook<\/span><\/a><\/div>[\/vc_column][vc_column width=&#8221;2\/6&#8243;][vc_single_image image=&#8221;39&#8243; img_size=&#8221;full&#8221; onclick=&#8221;link_image&#8221; css=&#8221;&#8221;][vc_single_image image=&#8221;40&#8243; img_size=&#8221;full&#8221; onclick=&#8221;link_image&#8221; css=&#8221;&#8221;][\/vc_column][vc_column width=&#8221;1\/6&#8243;][\/vc_column][\/vc_row]<\/p>\n<\/div>","protected":false},"excerpt":{"rendered":"<p>[vc_row full_width=&#8221;stretch_row_content&#8221;][vc_column width=&#8221;1\/6&#8243;][\/vc_column][vc_column width=&#8221;2\/6&#8243;][vc_column_text css=&#8221;&#8221;] Contact us and ask for more information Juurikka Catering Oy Juurikantie 5 40900 S\u00e4yn\u00e4tsalo (Jyv\u00e4skyl\u00e4, Finland) VAT-ID: FI2873530-8 Reservations and orders: Pasi Keinonen tel. +358505957470 email. myynti@juurikkacatering.fi Marketing, kitchen, events Sirpa Pii-Keinonen tel. +358 50 361 6009 email. sirpa@juurikkacatering.fi Restaurant manager, Rantabaari, customer service in English. Eric Keinonen tel. +358&hellip;<\/p>\n","protected":false},"author":1,"featured_media":0,"parent":143,"menu_order":61,"comment_status":"closed","ping_status":"open","template":"template-microsite.php","meta":{"footnotes":""},"class_list":["post-374","page","type-page","status-publish","hentry","description-off"],"_links":{"self":[{"href":"https:\/\/www.juurikkasaari.fi\/en\/wp-json\/wp\/v2\/pages\/374","targetHints":{"allow":["GET"]}}],"collection":[{"href":"https:\/\/www.juurikkasaari.fi\/en\/wp-json\/wp\/v2\/pages"}],"about":[{"href":"https:\/\/www.juurikkasaari.fi\/en\/wp-json\/wp\/v2\/types\/page"}],"author":[{"embeddable":true,"href":"https:\/\/www.juurikkasaari.fi\/en\/wp-json\/wp\/v2\/users\/1"}],"replies":[{"embeddable":true,"href":"https:\/\/www.juurikkasaari.fi\/en\/wp-json\/wp\/v2\/comments?post=374"}],"version-history":[{"count":7,"href":"https:\/\/www.juurikkasaari.fi\/en\/wp-json\/wp\/v2\/pages\/374\/revisions"}],"predecessor-version":[{"id":1460,"href":"https:\/\/www.juurikkasaari.fi\/en\/wp-json\/wp\/v2\/pages\/374\/revisions\/1460"}],"up":[{"embeddable":true,"href":"https:\/\/www.juurikkasaari.fi\/en\/wp-json\/wp\/v2\/pages\/143"}],"wp:attachment":[{"href":"https:\/\/www.juurikkasaari.fi\/en\/wp-json\/wp\/v2\/media?parent=374"}],"curies":[{"name":"wp","href":"https:\/\/api.w.org\/{rel}","templated":true}]}}