{"id":384,"date":"2025-11-05T20:23:38","date_gmt":"2025-11-05T18:23:38","guid":{"rendered":"https:\/\/www.juurikkasaari.fi\/en\/?page_id=384"},"modified":"2026-02-04T11:43:59","modified_gmt":"2026-02-04T09:43:59","slug":"faq","status":"publish","type":"page","link":"https:\/\/www.juurikkasaari.fi\/en\/company\/faq\/","title":{"rendered":"Frequently Asked Questions"},"content":{"rendered":"<div class=\"wpb-content-wrapper\"><p>[vc_row full_width=&#8221;stretch_row_content&#8221;][vc_column width=&#8221;1\/6&#8243;][\/vc_column][vc_column width=&#8221;5\/12&#8243;][vc_column_text css=&#8221;&#8221;]<\/p>\n<h3>Frequently Asked Questions<\/h3>\n<p><strong>How do I get to Juurikkasaari?<\/strong><br \/>\nThere are several easy ways to reach Juurikkasaari. By car, it takes only 20 minutes from the center of Jyv\u00e4skyl\u00e4. By bus (lines 16, 16M, and 21), the journey takes about half an hour. There are also excellent cycling routes from Jyv\u00e4skyl\u00e4 to S\u00e4yn\u00e4tsalo. You can also arrive by boat, and there is a guest dock for mooring. Some visitors have even arrived by helicopter! <a href=\"https:\/\/www.juurikkacatering.fi\/saapuminen-juurikkasaareen\" target=\"_blank\" rel=\"noopener\">Check directions and the map here.<\/a>.<\/p>\n<p>&nbsp;<\/p>\n<p><strong>Which buses go to Juurikkasaari?<\/strong><br \/>\nYou can reach Juurikkasaari by buses 16, 16M, and 21. <a href=\"https:\/\/jyvaskyla.digitransit.fi\" target=\"_blank\" rel=\"noopener\">View the timetables here.<\/a>.<\/p>\n<p>&nbsp;<\/p>\n<p><strong>Is there parking available in Juurikkasaari?<\/strong><br \/>\nThere is plenty of parking available within the Juurikkasaari area. Additional parking is arranged nearby during large concerts.<\/p>\n<p>&nbsp;<\/p>\n<p><strong>Which facilities in Juurikkasaari are accessible for people with reduced mobility?<\/strong><br \/>\nAccessible facilities include the banquet hall, lunch area, restrooms, pavilion, tent sauna, and the courtyard area.<\/p>\n<p>&nbsp;<\/p>\n<p><strong>What size events can be held in Juurikkasaari?<\/strong><br \/>\nEvents of up to 2,000 people can be held at Juurikkasaari.<\/p>\n<p>&nbsp;<\/p>\n<p><strong>How can I book a venue and services for my event or celebration?<\/strong><br \/>\nReservations and orders can be made by calling +358 50 466 8580 or by email sales@juurikkacatering.fi<\/p>\n<p><a href=\"mailto:myynti@juurikkacatering.fi\">myynti@juurikkacatering.fi<\/a><\/p>\n<p><a href=\"tel:+358505957470\">+358 50 595 7470<\/a> \/Pasi Keinonen.<\/p>\n<p>&nbsp;<\/p>\n<p><strong>Are the saunas mixed-gender and what should I bring with me?<\/strong><br \/>\nThe saunas at Juurikkasaari are mixed-gender, so please wear a swimsuit. You may bring your own towel or rent one for 5 \u20ac. Shower facilities include soap and seat covers for the sauna.<\/p>\n<p>&nbsp;<\/p>\n<p><strong>Is Juurikkasaari open year-round?<\/strong><br \/>\nYes, Juurikkasaari is open all year. During the summer season, there\u2019s a weekday lunch from 11:00\u201314:30, concerts, an award-winning beach terrace and grill, events, activity options, and the possibility to organize parties and gatherings. Outside the summer season, weekday lunch service continues, and it is still possible to host private events.<\/p>\n<p>&nbsp;<\/p>\n<p><strong>Can I bring pets to the area?<\/strong><br \/>\nYes, you can bring your pets to Juurikkasaari. You\u2019ll also be greeted on site by Luna, the Great Dane who works as the Juurikkasaari office dog![\/vc_column_text][\/vc_column][vc_column width=&#8221;2\/6&#8243;][vc_single_image image=&#8221;212&#8243; img_size=&#8221;full&#8221; onclick=&#8221;link_image&#8221; css=&#8221;&#8221;][vc_single_image image=&#8221;570&#8243; img_size=&#8221;full&#8221; onclick=&#8221;link_image&#8221; css=&#8221;&#8221;][\/vc_column][vc_column width=&#8221;1\/12&#8243;][\/vc_column][\/vc_row]<\/p>\n<\/div>","protected":false},"excerpt":{"rendered":"<p>[vc_row full_width=&#8221;stretch_row_content&#8221;][vc_column width=&#8221;1\/6&#8243;][\/vc_column][vc_column width=&#8221;5\/12&#8243;][vc_column_text css=&#8221;&#8221;] Frequently Asked Questions How do I get to Juurikkasaari? There are several easy ways to reach Juurikkasaari. By car, it takes only 20 minutes from the center of Jyv\u00e4skyl\u00e4. By bus (lines 16, 16M, and 21), the journey takes about half an hour. There are also excellent cycling routes from&hellip;<\/p>\n","protected":false},"author":1,"featured_media":0,"parent":143,"menu_order":63,"comment_status":"closed","ping_status":"open","template":"template-microsite.php","meta":{"footnotes":""},"class_list":["post-384","page","type-page","status-publish","hentry","description-off"],"_links":{"self":[{"href":"https:\/\/www.juurikkasaari.fi\/en\/wp-json\/wp\/v2\/pages\/384","targetHints":{"allow":["GET"]}}],"collection":[{"href":"https:\/\/www.juurikkasaari.fi\/en\/wp-json\/wp\/v2\/pages"}],"about":[{"href":"https:\/\/www.juurikkasaari.fi\/en\/wp-json\/wp\/v2\/types\/page"}],"author":[{"embeddable":true,"href":"https:\/\/www.juurikkasaari.fi\/en\/wp-json\/wp\/v2\/users\/1"}],"replies":[{"embeddable":true,"href":"https:\/\/www.juurikkasaari.fi\/en\/wp-json\/wp\/v2\/comments?post=384"}],"version-history":[{"count":8,"href":"https:\/\/www.juurikkasaari.fi\/en\/wp-json\/wp\/v2\/pages\/384\/revisions"}],"predecessor-version":[{"id":1293,"href":"https:\/\/www.juurikkasaari.fi\/en\/wp-json\/wp\/v2\/pages\/384\/revisions\/1293"}],"up":[{"embeddable":true,"href":"https:\/\/www.juurikkasaari.fi\/en\/wp-json\/wp\/v2\/pages\/143"}],"wp:attachment":[{"href":"https:\/\/www.juurikkasaari.fi\/en\/wp-json\/wp\/v2\/media?parent=384"}],"curies":[{"name":"wp","href":"https:\/\/api.w.org\/{rel}","templated":true}]}}