{"id":389,"date":"2025-11-05T20:30:47","date_gmt":"2025-11-05T18:30:47","guid":{"rendered":"https:\/\/www.juurikkasaari.fi\/en\/?page_id=389"},"modified":"2026-02-04T11:43:23","modified_gmt":"2026-02-04T09:43:23","slug":"partners","status":"publish","type":"page","link":"https:\/\/www.juurikkasaari.fi\/en\/company\/partners\/","title":{"rendered":"Partners"},"content":{"rendered":"<div class=\"wpb-content-wrapper\"><p>[vc_row full_width=&#8221;stretch_row_content&#8221;][vc_column][vc_column_text css=&#8221;&#8221;]<\/p>\n<h3 style=\"text-align: center;\">As a full-service catering company, we work closely with various entrepreneurs &#8211; Together we are more!<\/h3>\n<p style=\"text-align: center;\">We warmly recommend the products and services of the following entrepreneurs:<\/p>\n<p>[\/vc_column_text][\/vc_column][\/vc_row][vc_row full_width=&#8221;stretch_row_content&#8221;][vc_column width=&#8221;1\/6&#8243;][\/vc_column][vc_column width=&#8221;2\/6&#8243;][vc_column_text css=&#8221;&#8221;]<\/p>\n<h3>JYTAKSI<\/h3>\n<p><strong>We cooperate with Jyv\u00e4skyl\u00e4n Aluetaksi Oy, also known as Jytaksi.<\/strong><\/p>\n<p>Through Jytaksi, you can book a ride from Jyv\u00e4skyl\u00e4 city center to Juurikkasaari and\/or back to the city center at a fixed price during the summer season 2025.<\/p>\n<p>When making the reservation, please mention that it is a fixed-price ride to\/from Juurikkasaari.<\/p>\n<p>Bookings by phone: <a href=\"tel:+3581006900\">+358 100 6900<\/a><br \/>\n(Call price: \u20ac2.37 per answered call + \u20ac1.52\/min + local network\/mobile charge)[\/vc_column_text][\/vc_column][vc_column width=&#8221;2\/6&#8243;][vc_single_image image=&#8221;390&#8243; img_size=&#8221;full&#8221; onclick=&#8221;link_image&#8221; css=&#8221;&#8221;][\/vc_column][vc_column width=&#8221;1\/6&#8243;][\/vc_column][\/vc_row][vc_row full_width=&#8221;stretch_row_content&#8221;][vc_column width=&#8221;1\/6&#8243;][\/vc_column][vc_column width=&#8221;2\/6&#8243;][vc_single_image image=&#8221;391&#8243; img_size=&#8221;full&#8221; alignment=&#8221;center&#8221; onclick=&#8221;link_image&#8221; css=&#8221;&#8221;][\/vc_column][vc_column width=&#8221;2\/6&#8243;][vc_column_text css=&#8221;&#8221;]<\/p>\n<h3>Kirsi&#8217;s flower and funeral service<\/h3>\n<p><strong>Kirsi&#8217;s flower and funeral service is located in the center of S\u00e4yn\u00e4tsalo with good transport connections, at Parviaisentie 5, 40900 S\u00e4yn\u00e4tsalo.<\/strong><\/p>\n<p>Kirsi has been serving her customers for 30 years, and she provides flowers for everyday life and celebrations, for joy and sorrow.<\/p>\n<p>Learn more about the flower and funeral services on the company&#8217;s website or order flowers directly from the\u00a0online store.[\/vc_column_text][\/vc_column][vc_column width=&#8221;1\/6&#8243;][\/vc_column][\/vc_row][vc_row full_width=&#8221;stretch_row_content&#8221;][vc_column width=&#8221;1\/6&#8243;][\/vc_column][vc_column width=&#8221;2\/6&#8243;][vc_column_text css=&#8221;&#8221;]<\/p>\n<h3>Flower shop Ruusupuu<\/h3>\n<p><strong>Twenty-year-old Ruusupuu serves its customers under the leadership of Minna on the outskirts of Jyv\u00e4skyl\u00e4 city center, at Tapionkatu 18, 40200 Jyv\u00e4skyl\u00e4.<\/strong><\/p>\n<p>Ragged rugs on the floors and flowers in wooden boxes welcome everyone to the warm-hearted world of flowers.<\/p>\n<p>Ruusupuu&#8217;s professional florists conjure up flowers just for you, for everyday life or for celebrations. &#8221;Not so small that a flower wouldn&#8217;t fit.<br \/>\nNot so big that the flowers are too many.&#8221;<\/p>\n<p><strong>Click on Ruusupuu&#8217;s website\u00a0or buy flowers directly from the company&#8217;s online store.<\/strong>[\/vc_column_text][\/vc_column][vc_column width=&#8221;2\/6&#8243;][vc_single_image image=&#8221;393&#8243; img_size=&#8221;full&#8221; alignment=&#8221;center&#8221; onclick=&#8221;link_image&#8221; css=&#8221;&#8221;][\/vc_column][vc_column width=&#8221;1\/6&#8243;][\/vc_column][\/vc_row][vc_row full_width=&#8221;stretch_row_content&#8221;][vc_column width=&#8221;1\/6&#8243;][\/vc_column][vc_column width=&#8221;2\/6&#8243;][vc_single_image image=&#8221;396&#8243; img_size=&#8221;full&#8221; alignment=&#8221;center&#8221; onclick=&#8221;link_image&#8221; css=&#8221;&#8221;][\/vc_column][vc_column width=&#8221;2\/6&#8243;][vc_column_text css=&#8221;&#8221;]<\/p>\n<h3>Tavolo Bianco &amp; S\u00e4yn\u00e4tsalo Town Hall by Alvar Aalto<\/h3>\n<p>The S\u00e4yn\u00e4tsalo Town Hall is one of the most famous buildings designed by architect Alvar Aalto. It has a deep connection to both the surrounding nature and the local community. From the very beginning, architects and students from around the world have come to visit S\u00e4yn\u00e4tsalo. The Town Hall was \u2014 and still is \u2014 a prime example of Aalto\u2019s human-scale design, harmony with nature, and his ability to create a total work of art, where every detail, spatial atmosphere, and play of light is carefully considered.<\/p>\n<p>Discover guided tours, accommodation, and more offered by Tavolo Bianco: Tavolobianco.com[\/vc_column_text][\/vc_column][vc_column width=&#8221;1\/6&#8243;][\/vc_column][\/vc_row][vc_row full_width=&#8221;stretch_row_content&#8221;][vc_column width=&#8221;1\/6&#8243;][\/vc_column][vc_column width=&#8221;2\/6&#8243;][vc_column_text css=&#8221;&#8221;]<\/p>\n<h3>Lomalintu<\/h3>\n<p>Located at the top of Riihivuori mountain in Muurame, Lomalintu offers rental cottages with stunning views over Lake P\u00e4ij\u00e4nne. The cottages are just over 10 km from Juurikkasaari and within walking distance of the Riihivuori ski resort. At Lomalintu, you\u2019ll be surrounded by nature and right next to a variety of outdoor activities.<\/p>\n<p>A modern and grand semi-detached apartment, along with two charming cabins, comfortably accommodate 6\u20138 guests each.<\/p>\n<p><strong>For more information, please visit: <a href=\"https:\/\/www.lomalintu.fi\" target=\"_blank\" rel=\"noopener\">Lomalintu.fi<\/a><\/strong>[\/vc_column_text][\/vc_column][vc_column width=&#8221;2\/6&#8243;][vc_single_image image=&#8221;398&#8243; img_size=&#8221;full&#8221; alignment=&#8221;center&#8221; onclick=&#8221;link_image&#8221; css=&#8221;&#8221;][\/vc_column][vc_column width=&#8221;1\/6&#8243;][\/vc_column][\/vc_row][vc_row full_width=&#8221;stretch_row_content&#8221;][vc_column width=&#8221;1\/6&#8243;][\/vc_column][vc_column width=&#8221;2\/6&#8243;][vc_single_image image=&#8221;400&#8243; img_size=&#8221;full&#8221; alignment=&#8221;center&#8221; onclick=&#8221;link_image&#8221; css=&#8221;&#8221;][\/vc_column][vc_column width=&#8221;2\/6&#8243;][vc_column_text css=&#8221;&#8221;]<\/p>\n<h3>Rajupaja<\/h3>\n<p>Juurikkasaari has had a long-standing collaboration with Rajupaja Oy for nearly 21 years. Rajupaja is a reliable partner in event technology, responsible for elements such as stage structures, sound systems, and lighting. They have also been involved in designing the permanent technical setup for our new event stage.[\/vc_column_text][\/vc_column][vc_column width=&#8221;1\/6&#8243;][\/vc_column][\/vc_row]<\/p>\n<\/div>","protected":false},"excerpt":{"rendered":"<p>[vc_row full_width=&#8221;stretch_row_content&#8221;][vc_column][vc_column_text css=&#8221;&#8221;] As a full-service catering company, we work closely with various entrepreneurs &#8211; Together we are more! We warmly recommend the products and services of the following entrepreneurs: [\/vc_column_text][\/vc_column][\/vc_row][vc_row full_width=&#8221;stretch_row_content&#8221;][vc_column width=&#8221;1\/6&#8243;][\/vc_column][vc_column width=&#8221;2\/6&#8243;][vc_column_text css=&#8221;&#8221;] JYTAKSI We cooperate with Jyv\u00e4skyl\u00e4n Aluetaksi Oy, also known as Jytaksi. Through Jytaksi, you can book a ride from Jyv\u00e4skyl\u00e4&hellip;<\/p>\n","protected":false},"author":1,"featured_media":0,"parent":143,"menu_order":64,"comment_status":"closed","ping_status":"open","template":"template-microsite.php","meta":{"footnotes":""},"class_list":["post-389","page","type-page","status-publish","hentry","description-off"],"_links":{"self":[{"href":"https:\/\/www.juurikkasaari.fi\/en\/wp-json\/wp\/v2\/pages\/389","targetHints":{"allow":["GET"]}}],"collection":[{"href":"https:\/\/www.juurikkasaari.fi\/en\/wp-json\/wp\/v2\/pages"}],"about":[{"href":"https:\/\/www.juurikkasaari.fi\/en\/wp-json\/wp\/v2\/types\/page"}],"author":[{"embeddable":true,"href":"https:\/\/www.juurikkasaari.fi\/en\/wp-json\/wp\/v2\/users\/1"}],"replies":[{"embeddable":true,"href":"https:\/\/www.juurikkasaari.fi\/en\/wp-json\/wp\/v2\/comments?post=389"}],"version-history":[{"count":7,"href":"https:\/\/www.juurikkasaari.fi\/en\/wp-json\/wp\/v2\/pages\/389\/revisions"}],"predecessor-version":[{"id":1004,"href":"https:\/\/www.juurikkasaari.fi\/en\/wp-json\/wp\/v2\/pages\/389\/revisions\/1004"}],"up":[{"embeddable":true,"href":"https:\/\/www.juurikkasaari.fi\/en\/wp-json\/wp\/v2\/pages\/143"}],"wp:attachment":[{"href":"https:\/\/www.juurikkasaari.fi\/en\/wp-json\/wp\/v2\/media?parent=389"}],"curies":[{"name":"wp","href":"https:\/\/api.w.org\/{rel}","templated":true}]}}