{"id":403,"date":"2025-11-05T20:54:09","date_gmt":"2025-11-05T18:54:09","guid":{"rendered":"https:\/\/www.juurikkasaari.fi\/en\/?page_id=403"},"modified":"2026-02-04T11:42:42","modified_gmt":"2026-02-04T09:42:42","slug":"arriving-to-juurikkasaari","status":"publish","type":"page","link":"https:\/\/www.juurikkasaari.fi\/en\/company\/arriving-to-juurikkasaari\/","title":{"rendered":"Arriving to Juurikkasaari"},"content":{"rendered":"<div class=\"wpb-content-wrapper\"><p>[vc_row full_width=&#8221;stretch_row_content&#8221;][vc_column width=&#8221;1\/6&#8243;][\/vc_column][vc_column width=&#8221;2\/6&#8243;][vc_column_text css=&#8221;&#8221;]<\/p>\n<h3>Arriving at Juurikkasaari<\/h3>\n<p>Juurikkasaari has excellent transport connections, whether you come by water, bike, public transport or your own car! The fastest way to reach Juurikkasaari&#8217;s services and beautiful landscapes is a 20-minute drive from the center of Jyv\u00e4skyl\u00e4.[\/vc_column_text][vc_column_text css=&#8221;&#8221;]<\/p>\n<h3>By public transport<\/h3>\n<p>Juurikkasaari is easily accessible from the center of Jyv\u00e4skyl\u00e4 by local buses number 21, 16, and 16M. The bus ride takes about half an hour, and from the bus stop, it\u2019s only an 800-meter walk to Juurikkasaari. You can find the bus schedules here.[\/vc_column_text][vc_column_text css=&#8221;&#8221;]<\/p>\n<h3>By Car<\/h3>\n<p>There is plenty of free parking space available at Juurikkasaari. The drive from Jyv\u00e4skyl\u00e4 city center takes about 20 minutes. Please note: during big events, parking spaces are arranged in the nearby area. More info about parking during events can be found with the event information.[\/vc_column_text][vc_column_text css=&#8221;&#8221;]<\/p>\n<h3>By Boat<\/h3>\n<p>Our guest dock welcomes visitors arriving via Lake P\u00e4ij\u00e4nne! The boat trip from downtown Jyv\u00e4skyl\u00e4 takes just about an hour. The terrace by the shore, with its stunning views of Lake P\u00e4ij\u00e4nne, is undoubtedly one of the most beautiful spots on the lake. Read more about our boat dock here!<\/p>\n<p>Please note! Visitors arriving by boat, please use the stern buoy (no side attachments) so that as many boaters as possible can dock. Thank you very much![\/vc_column_text][vc_column_text css=&#8221;&#8221;]<\/p>\n<h3>By Bike<\/h3>\n<p>Juurikkasaari is an excellent cycling destination, as the route from downtown Jyv\u00e4skyl\u00e4 and Muurame follows bike paths, so there&#8217;s no need to ride along busy roads. The bike trip from downtown Jyv\u00e4skyl\u00e4 takes about an hour.[\/vc_column_text][vc_column_text css=&#8221;&#8221;]<\/p>\n<h3>By taxi<\/h3>\n<p>Through Jytaksi you can order a ride from the center of Jyv\u00e4skyl\u00e4 to Juurikkasaari and\/or back to the center of Jyv\u00e4skyl\u00e4 at a fixed contract price during the summer season 2025. Prices\/direction \u20ac57 for 1-4 people or \u20ac67 for 5-8 people (+ waiting time \u20ac1.03\/min.). Reservations by calling 0100 6900 (call price \u20ac2.37\/answered call + \u20ac1.52\/min + landline\/mobile).<\/p>\n<p>When booking, please mention that this is a Juurikkasaari contract-priced order.[\/vc_column_text][vc_column_text css=&#8221;&#8221;]<\/p>\n<h3>Accessibility<\/h3>\n<p>The Main House of Juurikkasaari is an accessible venue for wheelchair users. You can drive right up to the entrance of the Juhlatalo and enter the building via a ramp. The dining and restroom facilities at Juhlatalo are wheelchair accessible.<\/p>\n<p>During the summer, the lakeside terrace, grill, and tent sauna are also accessible to wheelchair users.<\/p>\n<p>Our staff is happy to assist and provide guidance if you have any questions![\/vc_column_text][\/vc_column][vc_column width=&#8221;2\/6&#8243;][vc_column_text css=&#8221;&#8221;]<iframe loading=\"lazy\" style=\"border: 0;\" src=\"https:\/\/www.google.com\/maps\/embed?pb=!1m18!1m12!1m3!1d1863.9878539313356!2d25.772201777491148!3d62.14820218228369!2m3!1f0!2f0!3f0!3m2!1i1024!2i768!4f13.1!3m3!1m2!1s0x468570f450acf67b%3A0x9a292864218d910!2sJuurikantie%205%2C%2040900%20S%C3%A4yn%C3%A4tsalo!5e0!3m2!1sfi!2sfi!4v1762368829416!5m2!1sfi!2sfi\" width=\"100%\" height=\"450\" allowfullscreen=\"allowfullscreen\"><\/iframe>[\/vc_column_text][vc_column_text css=&#8221;&#8221;]<\/p>\n<p style=\"text-align: center;\">Address: Juurikantie 5, 40900 S\u00e4yn\u00e4tsalo (Jyv\u00e4skyl\u00e4)<\/p>\n<p style=\"text-align: center;\">Note! When using the map service, type \u201cJuhlatalo Juurikkasaari\u201d in the search box and you will definitely find the right place.<\/p>\n<p>[\/vc_column_text][vc_single_image image=&#8221;235&#8243; img_size=&#8221;full&#8221; onclick=&#8221;link_image&#8221; css=&#8221;&#8221;][\/vc_column][vc_column width=&#8221;1\/6&#8243;][\/vc_column][\/vc_row]<\/p>\n<\/div>","protected":false},"excerpt":{"rendered":"<p>[vc_row full_width=&#8221;stretch_row_content&#8221;][vc_column width=&#8221;1\/6&#8243;][\/vc_column][vc_column width=&#8221;2\/6&#8243;][vc_column_text css=&#8221;&#8221;] Arriving at Juurikkasaari Juurikkasaari has excellent transport connections, whether you come by water, bike, public transport or your own car! The fastest way to reach Juurikkasaari&#8217;s services and beautiful landscapes is a 20-minute drive from the center of Jyv\u00e4skyl\u00e4.[\/vc_column_text][vc_column_text css=&#8221;&#8221;] By public transport Juurikkasaari is easily accessible from the center&hellip;<\/p>\n","protected":false},"author":1,"featured_media":0,"parent":143,"menu_order":67,"comment_status":"closed","ping_status":"open","template":"template-microsite.php","meta":{"footnotes":""},"class_list":["post-403","page","type-page","status-publish","hentry","description-off"],"_links":{"self":[{"href":"https:\/\/www.juurikkasaari.fi\/en\/wp-json\/wp\/v2\/pages\/403","targetHints":{"allow":["GET"]}}],"collection":[{"href":"https:\/\/www.juurikkasaari.fi\/en\/wp-json\/wp\/v2\/pages"}],"about":[{"href":"https:\/\/www.juurikkasaari.fi\/en\/wp-json\/wp\/v2\/types\/page"}],"author":[{"embeddable":true,"href":"https:\/\/www.juurikkasaari.fi\/en\/wp-json\/wp\/v2\/users\/1"}],"replies":[{"embeddable":true,"href":"https:\/\/www.juurikkasaari.fi\/en\/wp-json\/wp\/v2\/comments?post=403"}],"version-history":[{"count":6,"href":"https:\/\/www.juurikkasaari.fi\/en\/wp-json\/wp\/v2\/pages\/403\/revisions"}],"predecessor-version":[{"id":1006,"href":"https:\/\/www.juurikkasaari.fi\/en\/wp-json\/wp\/v2\/pages\/403\/revisions\/1006"}],"up":[{"embeddable":true,"href":"https:\/\/www.juurikkasaari.fi\/en\/wp-json\/wp\/v2\/pages\/143"}],"wp:attachment":[{"href":"https:\/\/www.juurikkasaari.fi\/en\/wp-json\/wp\/v2\/media?parent=403"}],"curies":[{"name":"wp","href":"https:\/\/api.w.org\/{rel}","templated":true}]}}